{"id":78780,"date":"2026-05-10T10:57:46","date_gmt":"2026-05-10T08:57:46","guid":{"rendered":"https:\/\/legend-lore.com\/?post_type=product&#038;p=78780"},"modified":"2026-05-10T11:44:01","modified_gmt":"2026-05-10T09:44:01","slug":"whispering-garden-blossoms-set-di-dadi-sharp-in-resina","status":"publish","type":"product","link":"https:\/\/legend-lore.com\/it\/product\/whispering-garden-blossoms-set-di-dadi-sharp-in-resina\/","title":{"rendered":"Whispering Garden Blossoms \u2013 Set di Dadi Sharp in Resina"},"content":{"rendered":"<p data-start=\"55\" data-end=\"222\">Come minuscoli giardini preservati e sigillati dentro vetro cristallino, questi eleganti dadi in resina sharp-edge catturano la quieta bellezza di stagni fioriti e santuari fantasy nascosti.<\/p>\n<p data-start=\"224\" data-end=\"538\">Ogni dado \u00e8 realizzato in resina traslucida e trasparente che racchiude delicate inclusioni floreali in ricche tonalit\u00e0 cremisi, blu tenue e verde naturale, sospese come petali galleggianti sotto acque calme. Le profondit\u00e0 cristalline creano l\u2019illusione di piccoli giardini sospesi nel tempo sotto superfici lucidate come cristallo.<\/p>\n<p data-start=\"540\" data-end=\"745\">I tagli simili a gemme e gli spigoli affilati catturano magnificamente la luce, creando riflessi morbidi su ogni faccia, mentre la numerazione dorata emana un delicato bagliore contro il paesaggio floreale custodito all\u2019interno.<\/p>\n<p data-start=\"747\" data-end=\"972\">Leggeri in mano ma ricchi di dettagli intricati, questi dadi portano con s\u00e9 una presenza elegante e pacifica ispirata a laghetti koi nascosti, giardini acquatici in fiore, pietre ricoperte di muschio e santuari silenziosi intatti dal mondo esterno.<\/p>\n<p data-start=\"974\" data-end=\"1161\">Perfetti per druidi, chierici, bardi, ranger, viandanti fatati, maghi della natura e avventurieri attratti da foreste tranquille, giardini sacri e reami incantati che sbocciano accanto ad acque immobili.<\/p>\n<p data-start=\"974\" data-end=\"1161\">Set di Dadi Sharp in Resina<\/p>\n","protected":false},"excerpt":{"rendered":"<section class=\"text-token-text-primary w-full focus:outline-none [--shadow-height:45px] has-data-writing-block:pointer-events-none has-data-writing-block:-mt-(--shadow-height) has-data-writing-block:pt-(--shadow-height) [&amp;:has([data-writing-block])&gt;*]:pointer-events-auto [content-visibility:auto] supports-[content-visibility:auto]:[contain-intrinsic-size:auto_100lvh] R6Vx5W_threadScrollVars scroll-mb-[calc(var(--scroll-root-safe-area-inset-bottom,0px)+var(--thread-response-height))] scroll-mt-[calc(var(--header-height)+min(200px,max(70px,20svh)))]\" dir=\"auto\" data-turn-id=\"request-691b34cf-ba30-8330-abeb-d8c2cb8ba550-64\" data-testid=\"conversation-turn-274\" data-scroll-anchor=\"false\" data-turn=\"assistant\">\n<div class=\"text-base my-auto mx-auto pb-10 [--thread-content-margin:var(--thread-content-margin-xs,calc(var(--spacing)*4))] @w-sm\/main:[--thread-content-margin:var(--thread-content-margin-sm,calc(var(--spacing)*6))] @w-lg\/main:[--thread-content-margin:var(--thread-content-margin-lg,calc(var(--spacing)*16))] px-(--thread-content-margin)\">\n<div class=\"[--thread-content-max-width:40rem] @w-lg\/main:[--thread-content-max-width:48rem] mx-auto max-w-(--thread-content-max-width) flex-1 group\/turn-messages focus-visible:outline-hidden relative flex w-full min-w-0 flex-col agent-turn\">\n<div class=\"flex max-w-full flex-col gap-4 grow\">\n<div class=\"min-h-8 text-message relative flex w-full flex-col items-end gap-2 text-start break-words whitespace-normal outline-none keyboard-focused:focus-ring [.text-message+&amp;]:mt-1\" dir=\"auto\" data-message-author-role=\"assistant\" data-message-id=\"6ef7b181-4d96-4478-a867-6b7230d52054\" data-message-model-slug=\"gpt-5-5\" data-turn-start-message=\"true\">\n<div class=\"flex w-full flex-col gap-1 empty:hidden\">\n<div class=\"markdown prose dark:prose-invert w-full wrap-break-word light markdown-new-styling\">\n<p data-start=\"1269\" data-end=\"1309\" data-is-last-node=\"\" data-is-only-node=\"\"><em>Include: D4, D6, D8, D10, D%, D12, D20 \u2013 una reliquia di stagni nascosti, petali trasportati dal vento e giardini di cristallo sussurrati alla vita da un\u2019antica magia della natura.<\/em><\/p>\n<p data-start=\"1269\" data-end=\"1309\" data-is-last-node=\"\" data-is-only-node=\"\">Set di Dadi Sharp in Resina<\/p>\n<\/div>\n<\/div>\n<\/div>\n<\/div>\n<\/div>\n<\/div>\n<\/section>\n","protected":false},"featured_media":78700,"comment_status":"open","ping_status":"closed","template":"","meta":{"_et_pb_use_builder":"","_et_pb_old_content":"","_et_gb_content_width":""},"product_brand":[],"product_cat":[450,451],"product_tag":[],"class_list":{"0":"post-78780","1":"product","2":"type-product","3":"status-publish","4":"has-post-thumbnail","6":"product_cat-dadi","7":"product_cat-set-7-dadi","9":"first","10":"instock","11":"taxable","12":"shipping-taxable","13":"purchasable","14":"product-type-simple"},"_links":{"self":[{"href":"https:\/\/legend-lore.com\/it\/wp-json\/wp\/v2\/product\/78780","targetHints":{"allow":["GET"]}}],"collection":[{"href":"https:\/\/legend-lore.com\/it\/wp-json\/wp\/v2\/product"}],"about":[{"href":"https:\/\/legend-lore.com\/it\/wp-json\/wp\/v2\/types\/product"}],"replies":[{"embeddable":true,"href":"https:\/\/legend-lore.com\/it\/wp-json\/wp\/v2\/comments?post=78780"}],"wp:featuredmedia":[{"embeddable":true,"href":"https:\/\/legend-lore.com\/it\/wp-json\/wp\/v2\/media\/78700"}],"wp:attachment":[{"href":"https:\/\/legend-lore.com\/it\/wp-json\/wp\/v2\/media?parent=78780"}],"wp:term":[{"taxonomy":"product_brand","embeddable":true,"href":"https:\/\/legend-lore.com\/it\/wp-json\/wp\/v2\/product_brand?post=78780"},{"taxonomy":"product_cat","embeddable":true,"href":"https:\/\/legend-lore.com\/it\/wp-json\/wp\/v2\/product_cat?post=78780"},{"taxonomy":"product_tag","embeddable":true,"href":"https:\/\/legend-lore.com\/it\/wp-json\/wp\/v2\/product_tag?post=78780"}],"curies":[{"name":"wp","href":"https:\/\/api.w.org\/{rel}","templated":true}]}}