{"id":78771,"date":"2026-05-10T11:06:16","date_gmt":"2026-05-10T09:06:16","guid":{"rendered":"https:\/\/legend-lore.com\/?post_type=product&#038;p=78771"},"modified":"2026-05-10T11:47:58","modified_gmt":"2026-05-10T09:47:58","slug":"underdark-morningstar-set-di-dadi-in-metallo","status":"publish","type":"product","link":"https:\/\/legend-lore.com\/it\/product\/underdark-morningstar-set-di-dadi-in-metallo\/","title":{"rendered":"Underdark Morningstar \u2013 Set di Dadi in Metallo"},"content":{"rendered":"<p data-start=\"49\" data-end=\"288\">Forgiati nelle profondit\u00e0 nascoste sotto il mondo di superficie, questi sinistri dadi in metallo sembrano nati dai dimenticati regni dell\u2019Underdark, dove caverne di cristallo viola brillano sotto pietra eterna e antichi poteri sussurrano attraverso sale in rovina.<\/p>\n<p data-start=\"290\" data-end=\"650\">Realizzati in metallo dalle tonalit\u00e0 viola scuro, ogni dado \u00e8 circondato da spuntoni simili a quelli di una mazza ferrata ed \u00e8 ricoperto da intricate incisioni che ricordano antichi sigilli arcani e rune proibite del sottosuolo. La numerazione blu zaffiro profondo riposa all\u2019interno di emblemi circolari che brillano contro il metallo ombroso come simboli incantati illuminati dalla luce di cristalli sotterranei.<\/p>\n<p data-start=\"652\" data-end=\"948\">Le superfici metalliche lavorate scintillano con sottili riflessi violacei, mentre le recessioni annerite creano una straordinaria profondit\u00e0 tra ogni incisione e bordo spinato. L\u2019insieme richiama reliquie forgiate per stregoni delle ombre, nobili sotterranei e guardiani di caveau abissali nascosti.<\/p>\n<p data-start=\"950\" data-end=\"1115\">Ogni dado appare solido e pesante in mano, producendo una nitida risonanza metallica che riecheggia come catene lontane e colpi di martello attraverso immense camere sotterranee.<\/p>\n<p data-start=\"1117\" data-end=\"1278\">Questo \u00e8 un set per maghi dell\u2019ombra, ladri legati alla notte, viandanti dell\u2019Underdark e avventurieri che discendono in regni dimenticati sotto le radici di antiche montagne.<\/p>\n<p data-start=\"1117\" data-end=\"1278\">Set di Dadi in Metallo<\/p>\n","protected":false},"excerpt":{"rendered":"<div class=\"et_pb_row et_pb_row_1_tb_body et_pb_equal_columns et_pb_gutters4\">\n<div class=\"et_pb_column et_pb_column_3_5 et_pb_column_2_tb_body et_pb_css_mix_blend_mode_passthrough et-last-child\">\n<div class=\"et_pb_module et_pb_wc_description et_pb_wc_description_1_tb_body et_pb_bg_layout_light et_pb_text_align_left\">\n<div class=\"et_pb_module_inner\">\n<p><em>Include: D4, D6, D8, D10, D%, D12, D20 \u2013 un letale tesoro di acciaio forgiato.<\/em><\/p>\n<p>Set di Dadi in Metallo<\/p>\n<\/div>\n<\/div>\n<\/div>\n<\/div>\n","protected":false},"featured_media":78557,"comment_status":"open","ping_status":"closed","template":"","meta":{"_et_pb_use_builder":"","_et_pb_old_content":"","_et_gb_content_width":""},"product_brand":[],"product_cat":[450,451],"product_tag":[],"class_list":{"0":"post-78771","1":"product","2":"type-product","3":"status-publish","4":"has-post-thumbnail","6":"product_cat-dadi","7":"product_cat-set-7-dadi","9":"first","10":"instock","11":"taxable","12":"shipping-taxable","13":"purchasable","14":"product-type-simple"},"_links":{"self":[{"href":"https:\/\/legend-lore.com\/it\/wp-json\/wp\/v2\/product\/78771","targetHints":{"allow":["GET"]}}],"collection":[{"href":"https:\/\/legend-lore.com\/it\/wp-json\/wp\/v2\/product"}],"about":[{"href":"https:\/\/legend-lore.com\/it\/wp-json\/wp\/v2\/types\/product"}],"replies":[{"embeddable":true,"href":"https:\/\/legend-lore.com\/it\/wp-json\/wp\/v2\/comments?post=78771"}],"wp:featuredmedia":[{"embeddable":true,"href":"https:\/\/legend-lore.com\/it\/wp-json\/wp\/v2\/media\/78557"}],"wp:attachment":[{"href":"https:\/\/legend-lore.com\/it\/wp-json\/wp\/v2\/media?parent=78771"}],"wp:term":[{"taxonomy":"product_brand","embeddable":true,"href":"https:\/\/legend-lore.com\/it\/wp-json\/wp\/v2\/product_brand?post=78771"},{"taxonomy":"product_cat","embeddable":true,"href":"https:\/\/legend-lore.com\/it\/wp-json\/wp\/v2\/product_cat?post=78771"},{"taxonomy":"product_tag","embeddable":true,"href":"https:\/\/legend-lore.com\/it\/wp-json\/wp\/v2\/product_tag?post=78771"}],"curies":[{"name":"wp","href":"https:\/\/api.w.org\/{rel}","templated":true}]}}