{"id":78442,"date":"2026-04-27T10:57:35","date_gmt":"2026-04-27T08:57:35","guid":{"rendered":"https:\/\/legend-lore.com\/?post_type=product&#038;p=78442"},"modified":"2026-04-27T10:57:35","modified_gmt":"2026-04-27T08:57:35","slug":"lynxs-gaze-set-di-dadi-in-pietra","status":"publish","type":"product","link":"https:\/\/legend-lore.com\/it\/product\/lynxs-gaze-set-di-dadi-in-pietra\/","title":{"rendered":"Lynx&#8217;s Gaze \u2013 Set di Dadi in Pietra"},"content":{"rendered":"<p data-start=\"44\" data-end=\"326\">Questo set \u00e8 scolpito in pietra occhio di gatto, nota per il suo caratteristico effetto ottico chiamato chatoyancy: una morbida banda di luce che sembra scorrere sulla superficie quando il dado viene inclinato. Il risultato \u00e8 una linea luminosa sottile che dona a ogni faccia una profondit\u00e0 discreta, senza contrasti marcati. <\/p>\n<p data-start=\"328\" data-end=\"630\">Il colore \u00e8 un rosa cipria delicato, con una semi-trasparenza lattiginosa. La luce si concentra lungo le fibre curve interne alla pietra, creando quella tipica striscia riflettente propria dell\u2019occhio di gatto. A differenza del vetro trasparente, questa pietra diffonde la luce al suo interno, generando un bagliore setoso anzich\u00e9 una rifrazione netta.  <\/p>\n<p data-start=\"632\" data-end=\"857\">La numerazione dorata si armonizza con la tonalit\u00e0 calda della pietra e resta chiaramente leggibile sullo sfondo morbido. La superficie lucidata \u00e8 liscia e fresca al tatto, con un peso naturale e una densit\u00e0 che trasmettono solidit\u00e0 in mano. <\/p>\n<p data-start=\"859\" data-end=\"1027\">Il carattere complessivo del set \u00e8 calmo e raffinato \u2014 sobrio nel colore, ma visivamente interessante da vicino grazie alla banda luminosa mobile unica della pietra occhio di gatto.<\/p>\n","protected":false},"excerpt":{"rendered":"<div class=\"flex flex-col text-sm pb-25\">\n<article class=\"text-token-text-primary w-full focus:outline-none [--shadow-height:45px] has-data-writing-block:pointer-events-none has-data-writing-block:-mt-(--shadow-height) has-data-writing-block:pt-(--shadow-height) [&amp;:has([data-writing-block])&gt;*]:pointer-events-auto scroll-mt-[calc(var(--header-height)+min(200px,max(70px,20svh)))]\" dir=\"auto\" data-turn-id=\"request-691b34cf-ba30-8330-abeb-d8c2cb8ba550-1\" data-testid=\"conversation-turn-206\" data-scroll-anchor=\"true\" data-turn=\"assistant\">\n<div class=\"text-base my-auto mx-auto pb-10 [--thread-content-margin:--spacing(4)] @w-sm\/main:[--thread-content-margin:--spacing(6)] @w-lg\/main:[--thread-content-margin:--spacing(16)] px-(--thread-content-margin)\">\n<div class=\"[--thread-content-max-width:40rem] @w-lg\/main:[--thread-content-max-width:48rem] mx-auto max-w-(--thread-content-max-width) flex-1 group\/turn-messages focus-visible:outline-hidden relative flex w-full min-w-0 flex-col agent-turn\">\n<div class=\"flex max-w-full flex-col grow\">\n<div class=\"min-h-8 text-message relative flex w-full flex-col items-end gap-2 text-start break-words whitespace-normal [.text-message+&amp;]:mt-1\" dir=\"auto\" data-message-author-role=\"assistant\" data-message-id=\"b318197f-2114-4310-8138-8e6ba514e6de\" data-message-model-slug=\"gpt-5-2\">\n<div class=\"flex w-full flex-col gap-1 empty:hidden first:pt-[1px]\">\n<div class=\"markdown prose dark:prose-invert w-full wrap-break-word light markdown-new-styling\">\n<p data-start=\"1029\" data-end=\"1069\" data-is-last-node=\"\" data-is-only-node=\"\"><em>Include: D4, D6, D8, D10, D%, D12, D20 \u2013 ognuno scolpito in occhio di gatto rosa apposta per te.<\/em><\/p>\n<\/div>\n<\/div>\n<\/div>\n<\/div>\n<\/div>\n<\/div>\n<\/article>\n<\/div>\n","protected":false},"featured_media":78444,"comment_status":"open","ping_status":"closed","template":"","meta":{"_et_pb_use_builder":"","_et_pb_old_content":"","_et_gb_content_width":""},"product_brand":[],"product_cat":[450,451],"product_tag":[],"class_list":{"0":"post-78442","1":"product","2":"type-product","3":"status-publish","4":"has-post-thumbnail","6":"product_cat-dadi","7":"product_cat-set-7-dadi","9":"first","10":"instock","11":"taxable","12":"shipping-taxable","13":"purchasable","14":"product-type-simple"},"_links":{"self":[{"href":"https:\/\/legend-lore.com\/it\/wp-json\/wp\/v2\/product\/78442","targetHints":{"allow":["GET"]}}],"collection":[{"href":"https:\/\/legend-lore.com\/it\/wp-json\/wp\/v2\/product"}],"about":[{"href":"https:\/\/legend-lore.com\/it\/wp-json\/wp\/v2\/types\/product"}],"replies":[{"embeddable":true,"href":"https:\/\/legend-lore.com\/it\/wp-json\/wp\/v2\/comments?post=78442"}],"wp:featuredmedia":[{"embeddable":true,"href":"https:\/\/legend-lore.com\/it\/wp-json\/wp\/v2\/media\/78444"}],"wp:attachment":[{"href":"https:\/\/legend-lore.com\/it\/wp-json\/wp\/v2\/media?parent=78442"}],"wp:term":[{"taxonomy":"product_brand","embeddable":true,"href":"https:\/\/legend-lore.com\/it\/wp-json\/wp\/v2\/product_brand?post=78442"},{"taxonomy":"product_cat","embeddable":true,"href":"https:\/\/legend-lore.com\/it\/wp-json\/wp\/v2\/product_cat?post=78442"},{"taxonomy":"product_tag","embeddable":true,"href":"https:\/\/legend-lore.com\/it\/wp-json\/wp\/v2\/product_tag?post=78442"}],"curies":[{"name":"wp","href":"https:\/\/api.w.org\/{rel}","templated":true}]}}