{"id":78437,"date":"2026-04-27T10:57:38","date_gmt":"2026-04-27T08:57:38","guid":{"rendered":"https:\/\/legend-lore.com\/?post_type=product&#038;p=78437"},"modified":"2026-04-27T10:57:38","modified_gmt":"2026-04-27T08:57:38","slug":"ivory-reliquary-set-di-dadi-in-osso","status":"publish","type":"product","link":"https:\/\/legend-lore.com\/it\/product\/ivory-reliquary-set-di-dadi-in-osso\/","title":{"rendered":"Ivory Reliquary \u2013 Set di Dadi in Osso"},"content":{"rendered":"<p data-start=\"52\" data-end=\"317\">Questo set \u00e8 realizzato in un composito di polvere d\u2019osso e resina, che dona ai dadi una tonalit\u00e0 avorio morbida con un carattere naturale ed organico. La superficie presenta una finitura opaca delicata, che diffonde la luce invece di rifletterla, valorizzando la profondit\u00e0 discreta del materiale. <\/p>\n<p data-start=\"319\" data-end=\"637\">Il colore \u00e8 caldo e uniforme, pi\u00f9 vicino alla pergamena antica che al bianco brillante. Le incisioni nere sottili creano un contrasto netto, e i motivi a teschio risultano puliti e precisi senza apparire decorativi fine a s\u00e9 stessi. L\u2019estetica complessiva \u00e8 misurata e intenzionale. <\/p>\n<p data-start=\"639\" data-end=\"841\">Poich\u00e9 la polvere d\u2019osso \u00e8 miscelata alla resina, il materiale ha pi\u00f9 peso e presenza rispetto al classico set in resina, pur mantenendo resistenza e stabilit\u00e0. Al tatto risulta solido, bilanciato e concreto. <\/p>\n<p data-start=\"843\" data-end=\"1042\">Questo set si adatta a necromanti, chierici delle tombe, inquisitori o personaggi dal tema pi\u00f9 sobrio e contemplativo. \u00c8 ideale anche per giocatori che apprezzano palette minimaliste e la qualit\u00e0 materica rispetto a colori vivaci. <\/p>\n","protected":false},"excerpt":{"rendered":"<div class=\"flex flex-col text-sm pb-25\">\n<article class=\"text-token-text-primary w-full focus:outline-none [--shadow-height:45px] has-data-writing-block:pointer-events-none has-data-writing-block:-mt-(--shadow-height) has-data-writing-block:pt-(--shadow-height) [&amp;:has([data-writing-block])&gt;*]:pointer-events-auto scroll-mt-[calc(var(--header-height)+min(200px,max(70px,20svh)))]\" dir=\"auto\" data-turn-id=\"request-691b34cf-ba30-8330-abeb-d8c2cb8ba550-6\" data-testid=\"conversation-turn-200\" data-scroll-anchor=\"true\" data-turn=\"assistant\">\n<div class=\"text-base my-auto mx-auto pb-10 [--thread-content-margin:--spacing(4)] @w-sm\/main:[--thread-content-margin:--spacing(6)] @w-lg\/main:[--thread-content-margin:--spacing(16)] px-(--thread-content-margin)\">\n<div class=\"[--thread-content-max-width:40rem] @w-lg\/main:[--thread-content-max-width:48rem] mx-auto max-w-(--thread-content-max-width) flex-1 group\/turn-messages focus-visible:outline-hidden relative flex w-full min-w-0 flex-col agent-turn\">\n<div class=\"flex max-w-full flex-col grow\">\n<div class=\"min-h-8 text-message relative flex w-full flex-col items-end gap-2 text-start break-words whitespace-normal [.text-message+&amp;]:mt-1\" dir=\"auto\" data-message-author-role=\"assistant\" data-message-id=\"43e75cb6-7b37-4786-b453-1959c96c0b3b\" data-message-model-slug=\"gpt-5-2\">\n<div class=\"flex w-full flex-col gap-1 empty:hidden first:pt-[1px]\">\n<div class=\"markdown prose dark:prose-invert w-full wrap-break-word light markdown-new-styling\">\n<p data-start=\"1044\" data-end=\"1084\" data-is-last-node=\"\" data-is-only-node=\"\">Includes: D4, D6, D8, D10, D%, D12, D20, con un teschio al posto del numero pi\u00f9 alto su ogni dado.<\/p>\n<\/div>\n<\/div>\n<\/div>\n<\/div>\n<\/div>\n<\/div>\n<\/article>\n<\/div>\n","protected":false},"featured_media":78335,"comment_status":"open","ping_status":"closed","template":"","meta":{"_et_pb_use_builder":"","_et_pb_old_content":"","_et_gb_content_width":""},"product_brand":[],"product_cat":[450,451],"product_tag":[],"class_list":{"0":"post-78437","1":"product","2":"type-product","3":"status-publish","4":"has-post-thumbnail","6":"product_cat-dadi","7":"product_cat-set-7-dadi","9":"first","10":"instock","11":"taxable","12":"shipping-taxable","13":"purchasable","14":"product-type-simple"},"_links":{"self":[{"href":"https:\/\/legend-lore.com\/it\/wp-json\/wp\/v2\/product\/78437","targetHints":{"allow":["GET"]}}],"collection":[{"href":"https:\/\/legend-lore.com\/it\/wp-json\/wp\/v2\/product"}],"about":[{"href":"https:\/\/legend-lore.com\/it\/wp-json\/wp\/v2\/types\/product"}],"replies":[{"embeddable":true,"href":"https:\/\/legend-lore.com\/it\/wp-json\/wp\/v2\/comments?post=78437"}],"wp:featuredmedia":[{"embeddable":true,"href":"https:\/\/legend-lore.com\/it\/wp-json\/wp\/v2\/media\/78335"}],"wp:attachment":[{"href":"https:\/\/legend-lore.com\/it\/wp-json\/wp\/v2\/media?parent=78437"}],"wp:term":[{"taxonomy":"product_brand","embeddable":true,"href":"https:\/\/legend-lore.com\/it\/wp-json\/wp\/v2\/product_brand?post=78437"},{"taxonomy":"product_cat","embeddable":true,"href":"https:\/\/legend-lore.com\/it\/wp-json\/wp\/v2\/product_cat?post=78437"},{"taxonomy":"product_tag","embeddable":true,"href":"https:\/\/legend-lore.com\/it\/wp-json\/wp\/v2\/product_tag?post=78437"}],"curies":[{"name":"wp","href":"https:\/\/api.w.org\/{rel}","templated":true}]}}