{"id":78433,"date":"2026-04-27T10:57:40","date_gmt":"2026-04-27T08:57:40","guid":{"rendered":"https:\/\/legend-lore.com\/?post_type=product&#038;p=78433"},"modified":"2026-04-27T10:57:40","modified_gmt":"2026-04-27T08:57:40","slug":"runebark-cedar-set-di-dadi-in-legno","status":"publish","type":"product","link":"https:\/\/legend-lore.com\/it\/product\/runebark-cedar-set-di-dadi-in-legno\/","title":{"rendered":"Runebark Cedar \u2013 Set di Dadi in Legno"},"content":{"rendered":"<p data-start=\"82\" data-end=\"469\">Ogni dado \u00e8 ricavato da legno di cedro dalla venatura ricca e naturale, con una tonalit\u00e0 verde-marrone tenue che ricorda corteccia invecchiata sfiorata da muschio e tempo. La numerazione dorata \u00e8 incisa con precisione sulle facce, brillando calda contro la finitura opaca del legno \u2014 come rune impresse su un legno sacro da una mano paziente. <\/p>\n<p data-start=\"471\" data-end=\"796\">Gli spigoli netti mantengono la geometria precisa, ma il materiale ammorbidisce la sensazione al tatto. Il legno assorbe la luce invece di rifrangerla. Non c\u2019\u00e8 bagliore qui, nessuna scintilla cristallina \u2014 solo presenza silenziosa. Texture organica. Sottili variazioni da dado a dado. Nessun pezzo di legno cresce identico a un altro, e quell\u2019individualit\u00e0 attraversa l\u2019intero set.     <\/p>\n<p data-start=\"798\" data-end=\"994\">Questo set si adatta a druidi, ranger, guardiani, sciamani \u2014 personaggi radicati nelle vie antiche. \u00c8 perfetto anche per giocatori che preferiscono qualcosa di concreto e tattile, qualcosa che si percepisca come scolpito e lavorato, pi\u00f9 che semplicemente colato. <\/p>\n","protected":false},"excerpt":{"rendered":"<div class=\"flex flex-col text-sm pb-25\">\n<article class=\"text-token-text-primary w-full focus:outline-none [--shadow-height:45px] has-data-writing-block:pointer-events-none has-data-writing-block:-mt-(--shadow-height) has-data-writing-block:pt-(--shadow-height) [&amp;:has([data-writing-block])&gt;*]:pointer-events-auto scroll-mt-[calc(var(--header-height)+min(200px,max(70px,20svh)))]\" dir=\"auto\" data-turn-id=\"request-691b34cf-ba30-8330-abeb-d8c2cb8ba550-0\" data-testid=\"conversation-turn-194\" data-scroll-anchor=\"true\" data-turn=\"assistant\">\n<div class=\"text-base my-auto mx-auto pb-10 [--thread-content-margin:--spacing(4)] @w-sm\/main:[--thread-content-margin:--spacing(6)] @w-lg\/main:[--thread-content-margin:--spacing(16)] px-(--thread-content-margin)\">\n<div class=\"[--thread-content-max-width:40rem] @w-lg\/main:[--thread-content-max-width:48rem] mx-auto max-w-(--thread-content-max-width) flex-1 group\/turn-messages focus-visible:outline-hidden relative flex w-full min-w-0 flex-col agent-turn\">\n<div class=\"flex max-w-full flex-col grow\">\n<div class=\"min-h-8 text-message relative flex w-full flex-col items-end gap-2 text-start break-words whitespace-normal [.text-message+&amp;]:mt-1\" dir=\"auto\" data-message-author-role=\"assistant\" data-message-id=\"be3613d3-82e6-4c2a-900c-6357aaca3bfb\" data-message-model-slug=\"gpt-5-2\">\n<div class=\"flex w-full flex-col gap-1 empty:hidden first:pt-[1px]\">\n<div class=\"markdown prose dark:prose-invert w-full wrap-break-word light markdown-new-styling\">\n<p data-start=\"996\" data-end=\"1036\" data-is-last-node=\"\" data-is-only-node=\"\"><em>Include: D4, D6, D8, D10, D%, D12, D20; intagliati da legno di cedro massello.<\/em><\/p>\n<\/div>\n<\/div>\n<\/div>\n<\/div>\n<\/div>\n<\/div>\n<\/article>\n<\/div>\n","protected":false},"featured_media":78321,"comment_status":"open","ping_status":"closed","template":"","meta":{"_et_pb_use_builder":"","_et_pb_old_content":"","_et_gb_content_width":""},"product_brand":[],"product_cat":[450,451],"product_tag":[],"class_list":{"0":"post-78433","1":"product","2":"type-product","3":"status-publish","4":"has-post-thumbnail","6":"product_cat-dadi","7":"product_cat-set-7-dadi","9":"first","10":"instock","11":"taxable","12":"shipping-taxable","13":"purchasable","14":"product-type-simple"},"_links":{"self":[{"href":"https:\/\/legend-lore.com\/it\/wp-json\/wp\/v2\/product\/78433","targetHints":{"allow":["GET"]}}],"collection":[{"href":"https:\/\/legend-lore.com\/it\/wp-json\/wp\/v2\/product"}],"about":[{"href":"https:\/\/legend-lore.com\/it\/wp-json\/wp\/v2\/types\/product"}],"replies":[{"embeddable":true,"href":"https:\/\/legend-lore.com\/it\/wp-json\/wp\/v2\/comments?post=78433"}],"wp:featuredmedia":[{"embeddable":true,"href":"https:\/\/legend-lore.com\/it\/wp-json\/wp\/v2\/media\/78321"}],"wp:attachment":[{"href":"https:\/\/legend-lore.com\/it\/wp-json\/wp\/v2\/media?parent=78433"}],"wp:term":[{"taxonomy":"product_brand","embeddable":true,"href":"https:\/\/legend-lore.com\/it\/wp-json\/wp\/v2\/product_brand?post=78433"},{"taxonomy":"product_cat","embeddable":true,"href":"https:\/\/legend-lore.com\/it\/wp-json\/wp\/v2\/product_cat?post=78433"},{"taxonomy":"product_tag","embeddable":true,"href":"https:\/\/legend-lore.com\/it\/wp-json\/wp\/v2\/product_tag?post=78433"}],"curies":[{"name":"wp","href":"https:\/\/api.w.org\/{rel}","templated":true}]}}