{"id":78214,"date":"2026-04-27T10:57:59","date_gmt":"2026-04-27T08:57:59","guid":{"rendered":"https:\/\/legend-lore.com\/?post_type=product&#038;p=78214"},"modified":"2026-04-27T10:57:59","modified_gmt":"2026-04-27T08:57:59","slug":"sunshard-opals-set-di-dadi-in-resina-a-spigolo-vivo","status":"publish","type":"product","link":"https:\/\/legend-lore.com\/it\/product\/sunshard-opals-set-di-dadi-in-resina-a-spigolo-vivo\/","title":{"rendered":"Sunshard Opals \u2013 Set di Dadi in Resina a Spigolo Vivo"},"content":{"rendered":"<p data-start=\"276\" data-end=\"611\">Forgiato nelle sale illuminate dall\u2019alba degli antichi sacerdoti del sole, il set di dadi Sunshard Opals splende come se fosse scolpito dalla luce del mattino stessa. Ogni dado \u00e8 modellato in una resina impeccabile e affilata, intrisa di tonalit\u00e0 opalescenti e cangianti\u2014lampi di azzurro cielo, oro pallido e turchese radioso che mutano come la luce del sole che danza sull\u2019acqua immobile. <\/p>\n<p data-start=\"613\" data-end=\"951\">Nelle loro profondit\u00e0 cristalline, pagliuzze iridescenti vorticano e tremolano, brillando pi\u00f9 intensamente ogni volta che catturano un raggio di luce. La loro luminosit\u00e0 sembra quasi viva, un\u2019eco del fuoco celeste che li gener\u00f2. La numerazione dorata e calda ne amplifica il bagliore etereo, risaltando con chiarezza regale contro lo sfondo luminoso.  <\/p>\n<p data-start=\"953\" data-end=\"1274\">Ogni faccetta precisa diffonde la luce in schemi abbaglianti, donando al set l\u2019aspetto di reliquie sacre un tempo offerte a divinit\u00e0 solari. Il set Sunshard Opals \u00e8 perfetto per gli avventurieri che percorrono un cammino di radiosit\u00e0\u2014chierici, paladini, guaritori o chiunque abbia una storia guidata da speranza, chiarezza e dalla promessa di una nuova alba. <\/p>\n","protected":false},"excerpt":{"rendered":"<p><em>Include: D4, D6, D8, D10, D%, D12, D20, ciascuno scintillante di un fuoco opale baciato dal sole, unico e splendente in modo magnifico alla luce diretta.<\/em><\/p>\n","protected":false},"featured_media":77974,"comment_status":"open","ping_status":"closed","template":"","meta":{"_et_pb_use_builder":"","_et_pb_old_content":"","_et_gb_content_width":""},"product_brand":[],"product_cat":[450,451],"product_tag":[],"class_list":{"0":"post-78214","1":"product","2":"type-product","3":"status-publish","4":"has-post-thumbnail","6":"product_cat-dadi","7":"product_cat-set-7-dadi","9":"first","10":"instock","11":"taxable","12":"shipping-taxable","13":"purchasable","14":"product-type-simple"},"_links":{"self":[{"href":"https:\/\/legend-lore.com\/it\/wp-json\/wp\/v2\/product\/78214","targetHints":{"allow":["GET"]}}],"collection":[{"href":"https:\/\/legend-lore.com\/it\/wp-json\/wp\/v2\/product"}],"about":[{"href":"https:\/\/legend-lore.com\/it\/wp-json\/wp\/v2\/types\/product"}],"replies":[{"embeddable":true,"href":"https:\/\/legend-lore.com\/it\/wp-json\/wp\/v2\/comments?post=78214"}],"wp:featuredmedia":[{"embeddable":true,"href":"https:\/\/legend-lore.com\/it\/wp-json\/wp\/v2\/media\/77974"}],"wp:attachment":[{"href":"https:\/\/legend-lore.com\/it\/wp-json\/wp\/v2\/media?parent=78214"}],"wp:term":[{"taxonomy":"product_brand","embeddable":true,"href":"https:\/\/legend-lore.com\/it\/wp-json\/wp\/v2\/product_brand?post=78214"},{"taxonomy":"product_cat","embeddable":true,"href":"https:\/\/legend-lore.com\/it\/wp-json\/wp\/v2\/product_cat?post=78214"},{"taxonomy":"product_tag","embeddable":true,"href":"https:\/\/legend-lore.com\/it\/wp-json\/wp\/v2\/product_tag?post=78214"}],"curies":[{"name":"wp","href":"https:\/\/api.w.org\/{rel}","templated":true}]}}