{"id":78198,"date":"2026-04-27T10:58:05","date_gmt":"2026-04-27T08:58:05","guid":{"rendered":"https:\/\/legend-lore.com\/?post_type=product&#038;p=78198"},"modified":"2026-04-27T10:58:06","modified_gmt":"2026-04-27T08:58:06","slug":"starlit-arcanum-set-di-dadi-in-resina-a-spigolo-vivo","status":"publish","type":"product","link":"https:\/\/legend-lore.com\/it\/product\/starlit-arcanum-set-di-dadi-in-resina-a-spigolo-vivo\/","title":{"rendered":"Starlit Arcanum \u2013 Set di Dadi in Resina a Spigolo Vivo"},"content":{"rendered":"<p data-start=\"273\" data-end=\"611\">Si dice che sia stato forgiato dal bagliore persistente di costellazioni scomparse da tempo dal cielo notturno, e il set di dadi Starlit Arcanum irradia il potere silenzioso della magia celestiale. Ogni dado \u00e8 tagliato da una resina impeccabile intrisa di un luminoso viola, colma di pagliuzze scintillanti blu e indaco che mutano come frammenti di luce arcana sospesi nel vuoto. <\/p>\n<p data-start=\"613\" data-end=\"977\">Quando li fai ruotare, le schegge interne tremolano con la brillantezza di stelle lontane\u2014fredde, antiche e splendenti. Sembrano vibrare di conoscenze nascoste, del tipo sussurrato solo da saggi erranti o scoperto in torri dimenticate sotto la luna. La numerazione bianca e nitida risalta chiaramente contro le tonalit\u00e0 cosmiche, rendendo ogni tiro tanto leggibile quanto ipnotico.  <\/p>\n<p data-start=\"979\" data-end=\"1323\">Ogni faccia \u00e8 lavorata con precisione affilata, facendo sembrare i dadi reliquie recuperate da un archivio astrale pi\u00f9 che create da mani mortali. Il set Starlit Arcanum \u00e8 perfetto per incantatori, osservatori delle stelle ed eroi che camminano sul confine tra il terreno e l\u2019infinito, traendo forza dai misteri scritti nei cieli. <\/p>\n","protected":false},"excerpt":{"rendered":"<p><em>Include: D4, D6, D8, D10, D%, D12, D20, ciascuno infuso di un bagliore celestiale che cattura la luce in modo diverso a ogni movimento.<\/em><\/p>\n","protected":false},"featured_media":77896,"comment_status":"open","ping_status":"closed","template":"","meta":{"_et_pb_use_builder":"","_et_pb_old_content":"","_et_gb_content_width":""},"product_brand":[],"product_cat":[450,451],"product_tag":[],"class_list":{"0":"post-78198","1":"product","2":"type-product","3":"status-publish","4":"has-post-thumbnail","6":"product_cat-dadi","7":"product_cat-set-7-dadi","9":"first","10":"instock","11":"taxable","12":"shipping-taxable","13":"purchasable","14":"product-type-simple"},"_links":{"self":[{"href":"https:\/\/legend-lore.com\/it\/wp-json\/wp\/v2\/product\/78198","targetHints":{"allow":["GET"]}}],"collection":[{"href":"https:\/\/legend-lore.com\/it\/wp-json\/wp\/v2\/product"}],"about":[{"href":"https:\/\/legend-lore.com\/it\/wp-json\/wp\/v2\/types\/product"}],"replies":[{"embeddable":true,"href":"https:\/\/legend-lore.com\/it\/wp-json\/wp\/v2\/comments?post=78198"}],"wp:featuredmedia":[{"embeddable":true,"href":"https:\/\/legend-lore.com\/it\/wp-json\/wp\/v2\/media\/77896"}],"wp:attachment":[{"href":"https:\/\/legend-lore.com\/it\/wp-json\/wp\/v2\/media?parent=78198"}],"wp:term":[{"taxonomy":"product_brand","embeddable":true,"href":"https:\/\/legend-lore.com\/it\/wp-json\/wp\/v2\/product_brand?post=78198"},{"taxonomy":"product_cat","embeddable":true,"href":"https:\/\/legend-lore.com\/it\/wp-json\/wp\/v2\/product_cat?post=78198"},{"taxonomy":"product_tag","embeddable":true,"href":"https:\/\/legend-lore.com\/it\/wp-json\/wp\/v2\/product_tag?post=78198"}],"curies":[{"name":"wp","href":"https:\/\/api.w.org\/{rel}","templated":true}]}}