{"id":78189,"date":"2026-04-27T10:58:10","date_gmt":"2026-04-27T08:58:10","guid":{"rendered":"https:\/\/legend-lore.com\/?post_type=product&#038;p=78189"},"modified":"2026-04-27T10:58:10","modified_gmt":"2026-04-27T08:58:10","slug":"abyssfire-crystals-set-di-dadi-in-resina-a-spigolo-vivo","status":"publish","type":"product","link":"https:\/\/legend-lore.com\/it\/product\/abyssfire-crystals-set-di-dadi-in-resina-a-spigolo-vivo\/","title":{"rendered":"Abyssfire Crystals \u2013 Set di Dadi in Resina a Spigolo Vivo"},"content":{"rendered":"<p data-start=\"282\" data-end=\"606\">Si dice che sia stato estratto dalle fratture pi\u00f9 profonde, l\u00e0 dove le fosse oceaniche incontrano la fiamma vulcanica, e il set di dadi Abyssfire Crystals porta con s\u00e9 la rara unione tra oscurit\u00e0 e splendore. Ogni dado \u00e8 forgiato in resina tagliata con precisione, sfumando dal nero ombroso al blu oceano vibrante, come se fosse illuminato dall\u2019interno dall\u2019ultimo bagliore di un inferno sommerso. <\/p>\n<p data-start=\"608\" data-end=\"942\">All\u2019interno della resina fluttuano frammenti scintillanti come scintille fuse raffreddate dalle profondit\u00e0 schiaccianti\u2014pagliuzze luccicanti che lampeggiano di un fuoco blu elettrico ogni volta che i dadi catturano la luce. Ogni lancio sembra toccato dalla tensione grezza tra abisso gelido e fiamma ardente, un richiamo a luoghi in cui solo la magia pi\u00f9 resiliente pu\u00f2 sopravvivere. <\/p>\n<p data-start=\"944\" data-end=\"1218\">La numerazione bianca e nitida risalta con decisione contro il nucleo vivace, rendendo ogni risultato inequivocabile anche mentre le schegge interne vorticano con intensit\u00e0 elementale. Ogni faccia \u00e8 tagliata con precisione magistrale, conferendo al set l\u2019eleganza e la forza di un\u2019arma forgiata per campioni arcani. <\/p>\n<p data-start=\"1220\" data-end=\"1458\">Il set Abyssfire Crystals si addice agli avventurieri che traggono potere dal contrasto\u2014menti fredde, cuori ardenti e destini plasmati sul filo del pericolo. Questi dadi prosperano nelle mani dei giocatori che cercano bellezza nel caos e forza negli estremi. <\/p>\n","protected":false},"excerpt":{"rendered":"<article class=\"text-token-text-primary w-full focus:outline-none [--shadow-height:45px] has-data-writing-block:pointer-events-none has-data-writing-block:-mt-(--shadow-height) has-data-writing-block:pt-(--shadow-height) [&amp;:has([data-writing-block])&gt;*]:pointer-events-auto scroll-mt-[calc(var(--header-height)+min(200px,max(70px,20svh)))]\" dir=\"auto\" style=\"font-style: normal;font-weight: 400;letter-spacing: normal;text-align: start;text-indent: 0px;text-transform: none;text-decoration: none;color: #000000\" data-turn-id=\"request-691b34cf-ba30-8330-abeb-d8c2cb8ba550-23\" data-testid=\"conversation-turn-88\" data-scroll-anchor=\"true\" data-turn=\"assistant\">\n<div class=\"text-base my-auto mx-auto pb-10 [--thread-content-margin:--spacing(4)] thread-sm:[--thread-content-margin:--spacing(6)] thread-lg:[--thread-content-margin:--spacing(16)] px-(--thread-content-margin)\">\n<div class=\"[--thread-content-max-width:40rem] thread-lg:[--thread-content-max-width:48rem] mx-auto max-w-(--thread-content-max-width) flex-1 group\/turn-messages focus-visible:outline-hidden relative flex w-full min-w-0 flex-col agent-turn\">\n<div class=\"flex max-w-full flex-col grow\">\n<div class=\"min-h-8 text-message relative flex w-full flex-col items-end gap-2 text-start break-words whitespace-normal [.text-message+&amp;]:mt-1\" dir=\"auto\" data-message-author-role=\"assistant\" data-message-id=\"f85fb849-9cd6-4645-9df4-885af8938890\" data-message-model-slug=\"gpt-5-1\">\n<div class=\"flex w-full flex-col gap-1 empty:hidden first:pt-[1px]\">\n<div class=\"markdown prose dark:prose-invert w-full break-words dark markdown-new-styling\">\n<p data-start=\"1460\" data-end=\"1608\" data-is-last-node=\"\" data-is-only-node=\"\"><em>Include: D4, D6, D8, D10, D%, D12, D20, ciascuno realizzato con spigoli affilati e immacolati che amplificano sia la loro chiarezza sia la loro presenza imponente.<\/p>\n<p><\/em><\/p>\n<\/div>\n<\/div>\n<\/div>\n<\/div>\n<\/div>\n<\/div>\n<\/article>\n","protected":false},"featured_media":77905,"comment_status":"open","ping_status":"closed","template":"","meta":{"_et_pb_use_builder":"","_et_pb_old_content":"","_et_gb_content_width":""},"product_brand":[],"product_cat":[450,451],"product_tag":[],"class_list":{"0":"post-78189","1":"product","2":"type-product","3":"status-publish","4":"has-post-thumbnail","6":"product_cat-dadi","7":"product_cat-set-7-dadi","9":"first","10":"instock","11":"taxable","12":"shipping-taxable","13":"purchasable","14":"product-type-simple"},"_links":{"self":[{"href":"https:\/\/legend-lore.com\/it\/wp-json\/wp\/v2\/product\/78189","targetHints":{"allow":["GET"]}}],"collection":[{"href":"https:\/\/legend-lore.com\/it\/wp-json\/wp\/v2\/product"}],"about":[{"href":"https:\/\/legend-lore.com\/it\/wp-json\/wp\/v2\/types\/product"}],"replies":[{"embeddable":true,"href":"https:\/\/legend-lore.com\/it\/wp-json\/wp\/v2\/comments?post=78189"}],"wp:featuredmedia":[{"embeddable":true,"href":"https:\/\/legend-lore.com\/it\/wp-json\/wp\/v2\/media\/77905"}],"wp:attachment":[{"href":"https:\/\/legend-lore.com\/it\/wp-json\/wp\/v2\/media?parent=78189"}],"wp:term":[{"taxonomy":"product_brand","embeddable":true,"href":"https:\/\/legend-lore.com\/it\/wp-json\/wp\/v2\/product_brand?post=78189"},{"taxonomy":"product_cat","embeddable":true,"href":"https:\/\/legend-lore.com\/it\/wp-json\/wp\/v2\/product_cat?post=78189"},{"taxonomy":"product_tag","embeddable":true,"href":"https:\/\/legend-lore.com\/it\/wp-json\/wp\/v2\/product_tag?post=78189"}],"curies":[{"name":"wp","href":"https:\/\/api.w.org\/{rel}","templated":true}]}}