{"id":68030,"date":"2021-05-19T13:21:32","date_gmt":"2021-05-19T11:21:32","guid":{"rendered":"http:\/\/legend-lore.com\/product\/drago-di-zaffiro\/"},"modified":"2022-03-14T21:50:00","modified_gmt":"2022-03-14T20:50:00","slug":"drago-di-zaffiro-set-dadi-gdr","status":"publish","type":"product","link":"https:\/\/legend-lore.com\/it\/product\/drago-di-zaffiro-set-dadi-gdr\/","title":{"rendered":"Drago di Zaffiro &#8211; Set di Dadi GDR"},"content":{"rendered":"<p>Ce ne sono ormai pochissimi, ma ogni volta che avviene un avvistamento di un Drago di Zaffiro, per anni se ne parla, tanto \u00e8 l&#8217;incanto e la meraviglia che le sue scaglie blu brillante bordate di rame e i suoi occhi, rosso accesso provocano. Si dice vivano a met\u00e0 fra cielo e mare, che si nutrano di luce ed abbiano addirittura la capacit\u00e0 di viaggiare fra i piani&#8230; l&#8217;unica cosa per\u00f2 certa \u00e8 che siano impareggiabili Campioni della Libert\u00e0. Set di 7 Dadi GDR, Dadi D&amp;D, Dadi poledrici.<\/p>\n<p>&nbsp;<\/p>\n<p>Ottima scelta e se aggiungessi anche <a href=\"https:\/\/legend-lore.com\/it\/product\/stella-notturna\/\">questo<\/a> al tuo loot<\/p>\n<p>Se ti \u00e8 piaciuto questo Set di dadi, l&#8217;intera collezione la trovi <a href=\"https:\/\/legend-lore.com\/it\/dadi-metallo\/?filter_dice-metal-type=dragon-it&amp;wpf_dpv=1\">qui<\/a><\/p>\n","protected":false},"excerpt":{"rendered":"<p>Set di 7 dadi GDR poliedrici: d4, d6, d8, d10, d%, d12 e d20 in metallo (lega di ferro e zinco), serie Dragon, gabbia oro, smaltati Blu, con altorilievi draconici e incisioni a forma di scaglie.<\/p>\n<p>Con questo set riceverai in omaggio un box metallo rettangolare, per proteggere e conservare i tuoi preziosi dadi!<\/p>\n","protected":false},"featured_media":71728,"comment_status":"open","ping_status":"closed","template":"","meta":{"_et_pb_use_builder":"","_et_pb_old_content":"","_et_gb_content_width":""},"product_brand":[],"product_cat":[450,451],"product_tag":[562,454,466,561,453,452],"class_list":{"0":"post-68030","1":"product","2":"type-product","3":"status-publish","4":"has-post-thumbnail","6":"product_cat-dadi","7":"product_cat-set-7-dadi","8":"product_tag-blue-it","9":"product_tag-dd-it","10":"product_tag-dragon-it","11":"product_tag-metal-it","12":"product_tag-roll-it","13":"product_tag-rpg-it","15":"first","16":"instock","17":"taxable","18":"shipping-taxable","19":"purchasable","20":"product-type-simple"},"_links":{"self":[{"href":"https:\/\/legend-lore.com\/it\/wp-json\/wp\/v2\/product\/68030","targetHints":{"allow":["GET"]}}],"collection":[{"href":"https:\/\/legend-lore.com\/it\/wp-json\/wp\/v2\/product"}],"about":[{"href":"https:\/\/legend-lore.com\/it\/wp-json\/wp\/v2\/types\/product"}],"replies":[{"embeddable":true,"href":"https:\/\/legend-lore.com\/it\/wp-json\/wp\/v2\/comments?post=68030"}],"wp:featuredmedia":[{"embeddable":true,"href":"https:\/\/legend-lore.com\/it\/wp-json\/wp\/v2\/media\/71728"}],"wp:attachment":[{"href":"https:\/\/legend-lore.com\/it\/wp-json\/wp\/v2\/media?parent=68030"}],"wp:term":[{"taxonomy":"product_brand","embeddable":true,"href":"https:\/\/legend-lore.com\/it\/wp-json\/wp\/v2\/product_brand?post=68030"},{"taxonomy":"product_cat","embeddable":true,"href":"https:\/\/legend-lore.com\/it\/wp-json\/wp\/v2\/product_cat?post=68030"},{"taxonomy":"product_tag","embeddable":true,"href":"https:\/\/legend-lore.com\/it\/wp-json\/wp\/v2\/product_tag?post=68030"}],"curies":[{"name":"wp","href":"https:\/\/api.w.org\/{rel}","templated":true}]}}