{"id":67996,"date":"2021-05-19T13:03:57","date_gmt":"2021-05-19T11:03:57","guid":{"rendered":"http:\/\/legend-lore.com\/product\/drago-verde-antico\/"},"modified":"2022-01-19T17:30:58","modified_gmt":"2022-01-19T16:30:58","slug":"drago-verde-antico-set-dadi-gdr","status":"publish","type":"product","link":"https:\/\/legend-lore.com\/it\/product\/drago-verde-antico-set-dadi-gdr\/","title":{"rendered":"Drago Verde Antico &#8211; Set di Dadi GDR"},"content":{"rendered":"<p>Sepolti nelle foreste pi\u00f9 antiche non si nascondono solo creature silvane, timide e inavvicinabili; se si \u00e8 poco fortunati, ci si pu\u00f2 imbattere in un Wyrm Verde, uno degli antichi flagelli del Mondo. Se vedi l&#8217;oro che borda le scaglie di uno di questi mostri, fuggi lesto e senza voltarti, poich\u00e9 hai osato danzare con la Morte stessa. Set di 7 Dadi GDR, Dadi D&amp;D, Dadi poledrici.<\/p>\n<p>&nbsp;<\/p>\n<p>Ottima scelta e se aggiungessi anche <a href=\"https:\/\/legend-lore.com\/it\/product\/ranger\/\">questo<\/a> al tuo loot<\/p>\n<p>Se ti \u00e8 piaciuto questo Set di dadi, l&#8217;intera collezione la trovi <a href=\"https:\/\/legend-lore.com\/it\/dadi-metallo\/?filter_dice-metal-type=dragon-it&amp;wpf_dpv=1\">qui<\/a><\/p>\n","protected":false},"excerpt":{"rendered":"<p>Set di 7 dadi GDR poliedrici: d4, d6, d8, d10, d%, d12 e d20 in metallo (lega di ferro e zinco), serie Dragon, gabbia oro, smaltati Verdi, con altorilievi draconici e incisioni a forma di scaglie.<\/p>\n<p>Con questo set riceverai in omaggio un box metallo rettangolare, per proteggere e conservare i tuoi preziosi dadi!<\/p>\n","protected":false},"featured_media":71897,"comment_status":"open","ping_status":"closed","template":"","meta":{"_et_pb_use_builder":"","_et_pb_old_content":"","_et_gb_content_width":""},"product_brand":[],"product_cat":[450,451],"product_tag":[454,466,491,528,570,561,453,452],"class_list":{"0":"post-67996","1":"product","2":"type-product","3":"status-publish","4":"has-post-thumbnail","6":"product_cat-dadi","7":"product_cat-set-7-dadi","8":"product_tag-dd-it","9":"product_tag-dragon-it","10":"product_tag-evil-it","11":"product_tag-gold-it","12":"product_tag-green-it","13":"product_tag-metal-it","14":"product_tag-roll-it","15":"product_tag-rpg-it","17":"first","18":"outofstock","19":"taxable","20":"shipping-taxable","21":"purchasable","22":"product-type-simple"},"_links":{"self":[{"href":"https:\/\/legend-lore.com\/it\/wp-json\/wp\/v2\/product\/67996","targetHints":{"allow":["GET"]}}],"collection":[{"href":"https:\/\/legend-lore.com\/it\/wp-json\/wp\/v2\/product"}],"about":[{"href":"https:\/\/legend-lore.com\/it\/wp-json\/wp\/v2\/types\/product"}],"replies":[{"embeddable":true,"href":"https:\/\/legend-lore.com\/it\/wp-json\/wp\/v2\/comments?post=67996"}],"wp:featuredmedia":[{"embeddable":true,"href":"https:\/\/legend-lore.com\/it\/wp-json\/wp\/v2\/media\/71897"}],"wp:attachment":[{"href":"https:\/\/legend-lore.com\/it\/wp-json\/wp\/v2\/media?parent=67996"}],"wp:term":[{"taxonomy":"product_brand","embeddable":true,"href":"https:\/\/legend-lore.com\/it\/wp-json\/wp\/v2\/product_brand?post=67996"},{"taxonomy":"product_cat","embeddable":true,"href":"https:\/\/legend-lore.com\/it\/wp-json\/wp\/v2\/product_cat?post=67996"},{"taxonomy":"product_tag","embeddable":true,"href":"https:\/\/legend-lore.com\/it\/wp-json\/wp\/v2\/product_tag?post=67996"}],"curies":[{"name":"wp","href":"https:\/\/api.w.org\/{rel}","templated":true}]}}