{"id":67812,"date":"2021-05-15T16:18:18","date_gmt":"2021-05-15T14:18:18","guid":{"rendered":"http:\/\/legend-lore.com\/product\/mano-cremisi\/"},"modified":"2021-05-15T16:18:18","modified_gmt":"2021-05-15T14:18:18","slug":"mano-cremisi","status":"publish","type":"product","link":"https:\/\/legend-lore.com\/it\/product\/mano-cremisi\/","title":{"rendered":"Mano Cremisi"},"content":{"rendered":"<p>Qualcuno pu\u00f2 pensare che tutte le avversit\u00e0 che ci sono cadute addosso ci abbiano spezzati, giacch\u00e9 in pochi hanno sofferto quanto noi. A loro noi diciamo: STOLTI! I capricci della mala sorte ci hanno soltanto resi pi\u00f9 forti!<\/p>\n<p>&nbsp;<\/p>\n<p>Ottima scelta e se aggiungessi anche <a href=\"https:\/\/legend-lore.com\/it\/product\/occhio-guardiano\/\">questo<\/a> al tuo loot<\/p>\n<p>Se ti \u00e8 piaciuto questo Set, l&#8217;intera collezione la trovi <a href=\"https:\/\/legend-lore.com\/it\/dadi-plastica\/?filter_cat_list_2=1139\">qui<\/a><\/p>\n","protected":false},"excerpt":{"rendered":"<p>Set composto da 12 dadi a 6 facce in plastica, blu e viola con numeri oro.<\/p>\n<p>Con questo set riceverai gratuitamente un sacchetto di velluto marchiato Legend-Lore, per proteggere al meglio i tuoi preziosi dadi!<\/p>\n","protected":false},"featured_media":73576,"comment_status":"open","ping_status":"closed","template":"","meta":{"_et_pb_use_builder":"","_et_pb_old_content":"","_et_gb_content_width":""},"product_brand":[],"product_cat":[450,1139],"product_tag":[1159,1162,1161,453,452,1163,1160,777],"class_list":{"0":"post-67812","1":"product","2":"type-product","3":"status-publish","4":"has-post-thumbnail","6":"product_cat-dadi","7":"product_cat-set-dadi-d6","8":"product_tag-d6-it","9":"product_tag-d6setdice-it","10":"product_tag-d6system-it","11":"product_tag-roll-it","12":"product_tag-rpg-it","13":"product_tag-war-it","14":"product_tag-wargames-it","15":"product_tag-warhammer-it","17":"first","18":"outofstock","19":"taxable","20":"shipping-taxable","21":"purchasable","22":"product-type-simple"},"_links":{"self":[{"href":"https:\/\/legend-lore.com\/it\/wp-json\/wp\/v2\/product\/67812","targetHints":{"allow":["GET"]}}],"collection":[{"href":"https:\/\/legend-lore.com\/it\/wp-json\/wp\/v2\/product"}],"about":[{"href":"https:\/\/legend-lore.com\/it\/wp-json\/wp\/v2\/types\/product"}],"replies":[{"embeddable":true,"href":"https:\/\/legend-lore.com\/it\/wp-json\/wp\/v2\/comments?post=67812"}],"wp:featuredmedia":[{"embeddable":true,"href":"https:\/\/legend-lore.com\/it\/wp-json\/wp\/v2\/media\/73576"}],"wp:attachment":[{"href":"https:\/\/legend-lore.com\/it\/wp-json\/wp\/v2\/media?parent=67812"}],"wp:term":[{"taxonomy":"product_brand","embeddable":true,"href":"https:\/\/legend-lore.com\/it\/wp-json\/wp\/v2\/product_brand?post=67812"},{"taxonomy":"product_cat","embeddable":true,"href":"https:\/\/legend-lore.com\/it\/wp-json\/wp\/v2\/product_cat?post=67812"},{"taxonomy":"product_tag","embeddable":true,"href":"https:\/\/legend-lore.com\/it\/wp-json\/wp\/v2\/product_tag?post=67812"}],"curies":[{"name":"wp","href":"https:\/\/api.w.org\/{rel}","templated":true}]}}