{"id":67706,"date":"2021-05-13T19:09:44","date_gmt":"2021-05-13T17:09:44","guid":{"rendered":"http:\/\/legend-lore.com\/product\/pozzo-della-follia\/"},"modified":"2021-05-13T19:09:44","modified_gmt":"2021-05-13T17:09:44","slug":"pozzo-della-follia","status":"publish","type":"product","link":"https:\/\/legend-lore.com\/it\/product\/pozzo-della-follia\/","title":{"rendered":"Pozzo della Follia"},"content":{"rendered":"<p>Oltre la razionalit\u00e0 c&#8217;\u00e8 un pozzo venato di follia, un luogo tetro e malsano che per\u00f2 chiama a gran voce i deboli e i curiosi. Prega sempre di non sentire la voce dell&#8217;Abisso che invoca il tuo nome, prega sempre di non perderti nel pozzo.<\/p>\n<p>&nbsp;<\/p>\n<p>Ottima scelta e se aggiungessi anche <a href=\"https:\/\/legend-lore.com\/it\/product\/la-torre-degli-antichi\/\">questo<\/a> al tuo loot<\/p>\n<p>Se ti \u00e8 piaciuto questo Set, l&#8217;intera collezione la trovi <a href=\"https:\/\/legend-lore.com\/it\/dadi-plastica\/?filter_material=plastica-resina&amp;filter_tax_block_logic=and&amp;filter_cat_list_2=1140\">qui<\/a><\/p>\n","protected":false},"excerpt":{"rendered":"<p>Set composto da dieci dadi a 10 facce in plastica, verdi e viola con numeri oro.<\/p>\n<p>Con questo set riceverai gratuitamente un sacchetto di velluto marchiato Legend-Lore, per proteggere al meglio i tuoi preziosi dadi!<\/p>\n","protected":false},"featured_media":73528,"comment_status":"open","ping_status":"closed","template":"","meta":{"_et_pb_use_builder":"","_et_pb_old_content":"","_et_gb_content_width":""},"product_brand":[],"product_cat":[450,1140],"product_tag":[1034,1134,1136,1135,453,452,984],"class_list":{"0":"post-67706","1":"product","2":"type-product","3":"status-publish","4":"has-post-thumbnail","6":"product_cat-dadi","7":"product_cat-set-dadi-d10","8":"product_tag-cthulhu-it","9":"product_tag-d10-it","10":"product_tag-d10setdice-it","11":"product_tag-d10system-it","12":"product_tag-roll-it","13":"product_tag-rpg-it","14":"product_tag-vampire-it","16":"first","17":"outofstock","18":"taxable","19":"shipping-taxable","20":"purchasable","21":"product-type-simple"},"_links":{"self":[{"href":"https:\/\/legend-lore.com\/it\/wp-json\/wp\/v2\/product\/67706","targetHints":{"allow":["GET"]}}],"collection":[{"href":"https:\/\/legend-lore.com\/it\/wp-json\/wp\/v2\/product"}],"about":[{"href":"https:\/\/legend-lore.com\/it\/wp-json\/wp\/v2\/types\/product"}],"replies":[{"embeddable":true,"href":"https:\/\/legend-lore.com\/it\/wp-json\/wp\/v2\/comments?post=67706"}],"wp:featuredmedia":[{"embeddable":true,"href":"https:\/\/legend-lore.com\/it\/wp-json\/wp\/v2\/media\/73528"}],"wp:attachment":[{"href":"https:\/\/legend-lore.com\/it\/wp-json\/wp\/v2\/media?parent=67706"}],"wp:term":[{"taxonomy":"product_brand","embeddable":true,"href":"https:\/\/legend-lore.com\/it\/wp-json\/wp\/v2\/product_brand?post=67706"},{"taxonomy":"product_cat","embeddable":true,"href":"https:\/\/legend-lore.com\/it\/wp-json\/wp\/v2\/product_cat?post=67706"},{"taxonomy":"product_tag","embeddable":true,"href":"https:\/\/legend-lore.com\/it\/wp-json\/wp\/v2\/product_tag?post=67706"}],"curies":[{"name":"wp","href":"https:\/\/api.w.org\/{rel}","templated":true}]}}