{"id":65877,"date":"2021-03-15T13:18:30","date_gmt":"2021-03-15T12:18:30","guid":{"rendered":"http:\/\/legend-lore.com\/product\/incanto-mortale\/"},"modified":"2022-01-22T22:51:58","modified_gmt":"2022-01-22T21:51:58","slug":"incanto-mortale-dado-pietra-d20-jumbo","status":"publish","type":"product","link":"https:\/\/legend-lore.com\/it\/product\/incanto-mortale-dado-pietra-d20-jumbo\/","title":{"rendered":"Incanto Mortale &#8211; D20 Jumbo in Pietra"},"content":{"rendered":"<p>Ci\u00f2 che \u00e8 bello attira, gli sguardi, il desiderio, o anche solo la curiosit\u00e0; ma tutto ha un prezzo e a chi troppo osa, non resta a volte nulla da raccontare.<\/p>\n<p>&nbsp;<\/p>\n<p>Ottima scelta e se aggiungessi anche <a href=\"https:\/\/legend-lore.com\/it\/product\/tsunami\/\">questo<\/a> al tuo loot.<\/p>\n<p>Se ti \u00e8 piaciuto questo Dado di Pietra, l&#8217;intera collezione la trovi <a href=\"https:\/\/legend-lore.com\/it\/dadi-pietra\/?filter_material=pietra&amp;filter_tax_block_logic=and\">qui<\/a>.<\/p>\n","protected":false},"excerpt":{"rendered":"<p>D20 Jumbo in Pietra, lato di 33 mm, in pietra tecnica (ruby Zoisite)<\/p>\n","protected":false},"featured_media":73208,"comment_status":"open","ping_status":"closed","template":"","meta":{"_et_pb_use_builder":"","_et_pb_old_content":"","_et_gb_content_width":""},"product_brand":[],"product_cat":[450,576],"product_tag":[994,454,983,981,982,681,453,452,455],"class_list":{"0":"post-65877","1":"product","2":"type-product","3":"status-publish","4":"has-post-thumbnail","6":"product_cat-dadi","7":"product_cat-dadi-singoli","8":"product_tag-basilisk-it","9":"product_tag-dd-it","10":"product_tag-d20-it","11":"product_tag-gems-it","12":"product_tag-jumbo-it","13":"product_tag-luxury-it","14":"product_tag-roll-it","15":"product_tag-rpg-it","16":"product_tag-stone-it","18":"first","19":"instock","20":"taxable","21":"shipping-taxable","22":"purchasable","23":"product-type-simple"},"_links":{"self":[{"href":"https:\/\/legend-lore.com\/it\/wp-json\/wp\/v2\/product\/65877","targetHints":{"allow":["GET"]}}],"collection":[{"href":"https:\/\/legend-lore.com\/it\/wp-json\/wp\/v2\/product"}],"about":[{"href":"https:\/\/legend-lore.com\/it\/wp-json\/wp\/v2\/types\/product"}],"replies":[{"embeddable":true,"href":"https:\/\/legend-lore.com\/it\/wp-json\/wp\/v2\/comments?post=65877"}],"wp:featuredmedia":[{"embeddable":true,"href":"https:\/\/legend-lore.com\/it\/wp-json\/wp\/v2\/media\/73208"}],"wp:attachment":[{"href":"https:\/\/legend-lore.com\/it\/wp-json\/wp\/v2\/media?parent=65877"}],"wp:term":[{"taxonomy":"product_brand","embeddable":true,"href":"https:\/\/legend-lore.com\/it\/wp-json\/wp\/v2\/product_brand?post=65877"},{"taxonomy":"product_cat","embeddable":true,"href":"https:\/\/legend-lore.com\/it\/wp-json\/wp\/v2\/product_cat?post=65877"},{"taxonomy":"product_tag","embeddable":true,"href":"https:\/\/legend-lore.com\/it\/wp-json\/wp\/v2\/product_tag?post=65877"}],"curies":[{"name":"wp","href":"https:\/\/api.w.org\/{rel}","templated":true}]}}