{"id":65802,"date":"2021-03-15T12:08:46","date_gmt":"2021-03-15T11:08:46","guid":{"rendered":"http:\/\/legend-lore.com\/product\/bracciale-del-branco-selvaggio\/"},"modified":"2021-04-03T16:24:24","modified_gmt":"2021-04-03T14:24:24","slug":"bracciale-del-branco-selvaggio","status":"publish","type":"product","link":"https:\/\/legend-lore.com\/it\/product\/bracciale-del-branco-selvaggio\/","title":{"rendered":"Bracciale del Branco Selvaggio"},"content":{"rendered":"<p>Il Lupo veglia ogni leader, poich\u00e9 \u00e8 suo il compito di condurre il Branco, sua la responsabilit\u00e0 della protezione di tutti.<\/p>\n<p>&nbsp;<\/p>\n<p>Ottima scelta e se aggiungessi anche <a href=\"https:\/\/legend-lore.com\/it\/product\/cacciatrice\/\">questo<\/a> al tuo loot.<\/p>\n<p>Se ti \u00e8 piaciuto questo Bracciale, l&#8217;intera collezione la trovi <a href=\"https:\/\/legend-lore.com\/it\/gioielli\/?filter_cat_list_2=42\">qui<\/a>.<\/p>\n","protected":false},"excerpt":{"rendered":"<p>Bracciale in cuoio marrone con targa di metallo incisa con l&#8217;effige del Lupo, chiusura con fibbia.<\/p>\n","protected":false},"featured_media":76710,"comment_status":"open","ping_status":"closed","template":"","meta":{"_et_pb_use_builder":"","_et_pb_old_content":"","_et_gb_content_width":""},"product_brand":[],"product_cat":[579,578],"product_tag":[960,533,961,914,962,692,970,532,972],"class_list":{"0":"post-65802","1":"product","2":"type-product","3":"status-publish","4":"has-post-thumbnail","6":"product_cat-braccialetti","7":"product_cat-gioielli","8":"product_tag-bracelet-it","9":"product_tag-celtic-it","10":"product_tag-jewel-it","11":"product_tag-larp-it","12":"product_tag-larper-it","13":"product_tag-natural-it","14":"product_tag-north-it","15":"product_tag-viking-it","16":"product_tag-wolf-it","18":"first","19":"instock","20":"taxable","21":"shipping-taxable","22":"purchasable","23":"product-type-simple"},"_links":{"self":[{"href":"https:\/\/legend-lore.com\/it\/wp-json\/wp\/v2\/product\/65802","targetHints":{"allow":["GET"]}}],"collection":[{"href":"https:\/\/legend-lore.com\/it\/wp-json\/wp\/v2\/product"}],"about":[{"href":"https:\/\/legend-lore.com\/it\/wp-json\/wp\/v2\/types\/product"}],"replies":[{"embeddable":true,"href":"https:\/\/legend-lore.com\/it\/wp-json\/wp\/v2\/comments?post=65802"}],"wp:featuredmedia":[{"embeddable":true,"href":"https:\/\/legend-lore.com\/it\/wp-json\/wp\/v2\/media\/76710"}],"wp:attachment":[{"href":"https:\/\/legend-lore.com\/it\/wp-json\/wp\/v2\/media?parent=65802"}],"wp:term":[{"taxonomy":"product_brand","embeddable":true,"href":"https:\/\/legend-lore.com\/it\/wp-json\/wp\/v2\/product_brand?post=65802"},{"taxonomy":"product_cat","embeddable":true,"href":"https:\/\/legend-lore.com\/it\/wp-json\/wp\/v2\/product_cat?post=65802"},{"taxonomy":"product_tag","embeddable":true,"href":"https:\/\/legend-lore.com\/it\/wp-json\/wp\/v2\/product_tag?post=65802"}],"curies":[{"name":"wp","href":"https:\/\/api.w.org\/{rel}","templated":true}]}}