{"id":65022,"date":"2021-02-10T22:24:51","date_gmt":"2021-02-10T21:24:51","guid":{"rendered":"http:\/\/legend-lore.com\/product\/oceano-perduto\/"},"modified":"2021-04-03T18:02:11","modified_gmt":"2021-04-03T16:02:11","slug":"oceano-perduto","status":"publish","type":"product","link":"https:\/\/legend-lore.com\/it\/product\/oceano-perduto\/","title":{"rendered":"Oceano Perduto"},"content":{"rendered":"<p>Perduta nelle profondit\u00e0 dell&#8217;Oceano, \u00e8 stata ritrovata e portata nuovamente alla luce, ma il mare l&#8217;ha cambiata, l&#8217;ha resa pi\u00f9 forte. Ora, quando la si impugna, sembra di sentire le creature degli abissi che ruggiscono furiose.<\/p>\n<p>&nbsp;<\/p>\n<p>Ottima scelta e se aggiungessi anche <a href=\"https:\/\/legend-lore.com\/it\/product\/pugnali-da-lancio\/\">questo<\/a> al tuo loot.<\/p>\n<p>Se ti \u00e8 piaciuta questa Arma, l&#8217;intera collezione la trovi <a href=\"https:\/\/legend-lore.com\/it\/larp\/?filter_cat_2=364&amp;wpf_dpv=1\">qui<\/a>.<\/p>\n","protected":false},"excerpt":{"rendered":"<p>Ascia LARP con decorazioni a forma di gemme blu e fregi che ricordano creature marine; anima in vetroresina, corpo in plastazote, rifinita con lattice ed isolante.<\/p>\n","protected":false},"featured_media":0,"comment_status":"open","ping_status":"closed","template":"","meta":{"_et_pb_use_builder":"","_et_pb_old_content":"","_et_gb_content_width":""},"product_brand":[],"product_cat":[611,612,585],"product_tag":[799,949,454,914,709],"class_list":{"0":"post-65022","1":"product","2":"type-product","3":"status-publish","5":"product_cat-armi-larp","6":"product_cat-asce","7":"product_cat-larp-it","8":"product_tag-axe-it","9":"product_tag-cursed-it","10":"product_tag-dd-it","11":"product_tag-larp-it","12":"product_tag-water-it","14":"first","15":"outofstock","16":"taxable","17":"shipping-taxable","18":"purchasable","19":"product-type-simple"},"_links":{"self":[{"href":"https:\/\/legend-lore.com\/it\/wp-json\/wp\/v2\/product\/65022","targetHints":{"allow":["GET"]}}],"collection":[{"href":"https:\/\/legend-lore.com\/it\/wp-json\/wp\/v2\/product"}],"about":[{"href":"https:\/\/legend-lore.com\/it\/wp-json\/wp\/v2\/types\/product"}],"replies":[{"embeddable":true,"href":"https:\/\/legend-lore.com\/it\/wp-json\/wp\/v2\/comments?post=65022"}],"wp:attachment":[{"href":"https:\/\/legend-lore.com\/it\/wp-json\/wp\/v2\/media?parent=65022"}],"wp:term":[{"taxonomy":"product_brand","embeddable":true,"href":"https:\/\/legend-lore.com\/it\/wp-json\/wp\/v2\/product_brand?post=65022"},{"taxonomy":"product_cat","embeddable":true,"href":"https:\/\/legend-lore.com\/it\/wp-json\/wp\/v2\/product_cat?post=65022"},{"taxonomy":"product_tag","embeddable":true,"href":"https:\/\/legend-lore.com\/it\/wp-json\/wp\/v2\/product_tag?post=65022"}],"curies":[{"name":"wp","href":"https:\/\/api.w.org\/{rel}","templated":true}]}}