{"id":64124,"date":"2021-01-24T00:10:49","date_gmt":"2021-01-23T23:10:49","guid":{"rendered":"http:\/\/legend-lore.com\/product\/sole-nero\/"},"modified":"2021-04-03T18:07:30","modified_gmt":"2021-04-03T16:07:30","slug":"sole-nero","status":"publish","type":"product","link":"https:\/\/legend-lore.com\/it\/product\/sole-nero\/","title":{"rendered":"Sole Nero"},"content":{"rendered":"<p>Non c&#8217;\u00e8 un modo semplice per descrivere la paura, quel terrore che fa s\u00ec che in uno scontro il vincitore venga decretato ben prima del termine della battaglia. Il Sole Nero \u00e8 l&#8217;espressione di quell&#8217;angoscia, l&#8217;ultima cosa che cala sul sipario della vita.<\/p>\n<p>&nbsp;<\/p>\n<p>Ottima scelta e se aggiungessi anche <a href=\"https:\/\/legend-lore.com\/it\/product\/spada-corta\/\">questo<\/a> al tuo loot.<\/p>\n<p>Se ti \u00e8 piaciuta questa Arma, l&#8217;intera collezione la trovi <a href=\"https:\/\/legend-lore.com\/it\/larp\/?filter_cat_2=364&amp;wpf_dpv=1\">qui<\/a>.<\/p>\n","protected":false},"excerpt":{"rendered":"<p>Mazzafrusto pesante, con catena in cuoio e sfera gotica intagliata; anima del manico in vetroresina, corpo in plastazote, rifinita con lattice ed isolante, catena in anelli di cuoio.<\/p>\n","protected":false},"featured_media":65045,"comment_status":"open","ping_status":"closed","template":"","meta":{"_et_pb_use_builder":"","_et_pb_old_content":"","_et_gb_content_width":""},"product_brand":[],"product_cat":[611,617,585],"product_tag":[454,917,914,801],"class_list":{"0":"post-64124","1":"product","2":"type-product","3":"status-publish","4":"has-post-thumbnail","6":"product_cat-armi-larp","7":"product_cat-armi-speciali-custom","8":"product_cat-larp-it","9":"product_tag-dd-it","10":"product_tag-flail-it","11":"product_tag-larp-it","12":"product_tag-morningstar-it","14":"first","15":"outofstock","16":"featured","17":"taxable","18":"shipping-taxable","19":"purchasable","20":"product-type-simple"},"_links":{"self":[{"href":"https:\/\/legend-lore.com\/it\/wp-json\/wp\/v2\/product\/64124","targetHints":{"allow":["GET"]}}],"collection":[{"href":"https:\/\/legend-lore.com\/it\/wp-json\/wp\/v2\/product"}],"about":[{"href":"https:\/\/legend-lore.com\/it\/wp-json\/wp\/v2\/types\/product"}],"replies":[{"embeddable":true,"href":"https:\/\/legend-lore.com\/it\/wp-json\/wp\/v2\/comments?post=64124"}],"wp:featuredmedia":[{"embeddable":true,"href":"https:\/\/legend-lore.com\/it\/wp-json\/wp\/v2\/media\/65045"}],"wp:attachment":[{"href":"https:\/\/legend-lore.com\/it\/wp-json\/wp\/v2\/media?parent=64124"}],"wp:term":[{"taxonomy":"product_brand","embeddable":true,"href":"https:\/\/legend-lore.com\/it\/wp-json\/wp\/v2\/product_brand?post=64124"},{"taxonomy":"product_cat","embeddable":true,"href":"https:\/\/legend-lore.com\/it\/wp-json\/wp\/v2\/product_cat?post=64124"},{"taxonomy":"product_tag","embeddable":true,"href":"https:\/\/legend-lore.com\/it\/wp-json\/wp\/v2\/product_tag?post=64124"}],"curies":[{"name":"wp","href":"https:\/\/api.w.org\/{rel}","templated":true}]}}