{"id":63677,"date":"2021-01-16T21:14:28","date_gmt":"2021-01-16T20:14:28","guid":{"rendered":"http:\/\/legend-lore.com\/product\/corno-vichingo\/"},"modified":"2021-04-03T19:32:47","modified_gmt":"2021-04-03T17:32:47","slug":"corno-vichingo","status":"publish","type":"product","link":"https:\/\/legend-lore.com\/it\/product\/corno-vichingo\/","title":{"rendered":"Corno Vichingo"},"content":{"rendered":"<p>Pi\u00f9 diffusi di quelli di vacca, fra i vichinghi erano in uso i corni di Caprone, pi\u00f9 piccoli e facili da trasportare. Oltre a bere, questi oggetti sono universale simbolo di fortuna e prosperit\u00e0.<\/p>\n<p>&nbsp;<\/p>\n<p>Ottima scelta e se aggiungessi anche <a href=\"https:\/\/legend-lore.com\/it\/product\/bracciale-del-sentiero-oscuro\/\">questo<\/a> al tuo loot.<\/p>\n<p>Se ti \u00e8 piaciuto questo Equipaggiamento, l&#8217;intera collezione la trovi <a href=\"https:\/\/legend-lore.com\/it\/larp\/?wpf_dpv=1&amp;filter_cat_2=365\">qui<\/a>.<\/p>\n","protected":false},"excerpt":{"rendered":"<p>Corno Potorio di Capra lavorato, con fibbia in cuoio ed ornamenti in metallo.<\/p>\n<p>Il corno \u00e8 adatto a bere liquori e vini, evitare invece l&#8217;uso con sostanze zuccherine come succhi di frutta e latte o bevande che lo contengano.<\/p>\n<p>Ogni corno \u00e8 un oggetto unico per dimensione, colore e forma, le foto in mostra raffigurano uno dei pezzi in vendita.<\/p>\n","protected":false},"featured_media":76595,"comment_status":"open","ping_status":"closed","template":"","meta":{"_et_pb_use_builder":"","_et_pb_old_content":"","_et_gb_content_width":""},"product_brand":[],"product_cat":[438,602,439,440,585],"product_tag":[533,904,840,532],"class_list":{"0":"post-63677","1":"product","2":"type-product","3":"status-publish","4":"has-post-thumbnail","6":"product_cat-accessori-gdr","7":"product_cat-altri-accessori","8":"product_cat-corni","9":"product_cat-larp-equipaggiamento","10":"product_cat-larp-it","11":"product_tag-celtic-it","12":"product_tag-horn-it","13":"product_tag-runes-it","14":"product_tag-viking-it","16":"first","17":"outofstock","18":"taxable","19":"shipping-taxable","20":"purchasable","21":"product-type-simple"},"_links":{"self":[{"href":"https:\/\/legend-lore.com\/it\/wp-json\/wp\/v2\/product\/63677","targetHints":{"allow":["GET"]}}],"collection":[{"href":"https:\/\/legend-lore.com\/it\/wp-json\/wp\/v2\/product"}],"about":[{"href":"https:\/\/legend-lore.com\/it\/wp-json\/wp\/v2\/types\/product"}],"replies":[{"embeddable":true,"href":"https:\/\/legend-lore.com\/it\/wp-json\/wp\/v2\/comments?post=63677"}],"wp:featuredmedia":[{"embeddable":true,"href":"https:\/\/legend-lore.com\/it\/wp-json\/wp\/v2\/media\/76595"}],"wp:attachment":[{"href":"https:\/\/legend-lore.com\/it\/wp-json\/wp\/v2\/media?parent=63677"}],"wp:term":[{"taxonomy":"product_brand","embeddable":true,"href":"https:\/\/legend-lore.com\/it\/wp-json\/wp\/v2\/product_brand?post=63677"},{"taxonomy":"product_cat","embeddable":true,"href":"https:\/\/legend-lore.com\/it\/wp-json\/wp\/v2\/product_cat?post=63677"},{"taxonomy":"product_tag","embeddable":true,"href":"https:\/\/legend-lore.com\/it\/wp-json\/wp\/v2\/product_tag?post=63677"}],"curies":[{"name":"wp","href":"https:\/\/api.w.org\/{rel}","templated":true}]}}