{"id":62572,"date":"2020-12-26T14:45:57","date_gmt":"2020-12-26T13:45:57","guid":{"rendered":"http:\/\/legend-lore.com\/product\/frate-guardingo\/"},"modified":"2020-12-26T14:45:57","modified_gmt":"2020-12-26T13:45:57","slug":"frate-guardingo","status":"publish","type":"product","link":"https:\/\/legend-lore.com\/it\/product\/frate-guardingo\/","title":{"rendered":"Frate Guardingo"},"content":{"rendered":"<p>Nel mondo il male \u00e8 radicato ovunque, saggio \u00e8 l&#8217;uomo che teme le ombre, poich\u00e9 non sta solo preservando il proprio corpo, ma \u00e8 custode della propria anima.<\/p>\n","protected":false},"excerpt":{"rendered":"<p>Miniatura in resina pitturata a mano, qualit\u00e0 standard, Frate Guardingo.<\/p>\n","protected":false},"featured_media":0,"comment_status":"open","ping_status":"closed","template":"","meta":{"_et_pb_use_builder":"","_et_pb_old_content":"","_et_gb_content_width":""},"product_brand":[],"product_cat":[444,623],"product_tag":[454,818,547,817,776,816,452,777],"class_list":{"0":"post-62572","1":"product","2":"type-product","3":"status-publish","5":"product_cat-miniature","6":"product_cat-miniature-singole","7":"product_tag-dd-it","8":"product_tag-divine-it","9":"product_tag-fantasy-it","10":"product_tag-holy-it","11":"product_tag-miniature-it","12":"product_tag-priest-it","13":"product_tag-rpg-it","14":"product_tag-warhammer-it","16":"first","17":"outofstock","18":"taxable","19":"shipping-taxable","20":"purchasable","21":"product-type-simple"},"_links":{"self":[{"href":"https:\/\/legend-lore.com\/it\/wp-json\/wp\/v2\/product\/62572","targetHints":{"allow":["GET"]}}],"collection":[{"href":"https:\/\/legend-lore.com\/it\/wp-json\/wp\/v2\/product"}],"about":[{"href":"https:\/\/legend-lore.com\/it\/wp-json\/wp\/v2\/types\/product"}],"replies":[{"embeddable":true,"href":"https:\/\/legend-lore.com\/it\/wp-json\/wp\/v2\/comments?post=62572"}],"wp:attachment":[{"href":"https:\/\/legend-lore.com\/it\/wp-json\/wp\/v2\/media?parent=62572"}],"wp:term":[{"taxonomy":"product_brand","embeddable":true,"href":"https:\/\/legend-lore.com\/it\/wp-json\/wp\/v2\/product_brand?post=62572"},{"taxonomy":"product_cat","embeddable":true,"href":"https:\/\/legend-lore.com\/it\/wp-json\/wp\/v2\/product_cat?post=62572"},{"taxonomy":"product_tag","embeddable":true,"href":"https:\/\/legend-lore.com\/it\/wp-json\/wp\/v2\/product_tag?post=62572"}],"curies":[{"name":"wp","href":"https:\/\/api.w.org\/{rel}","templated":true}]}}