{"id":62548,"date":"2020-12-26T14:31:46","date_gmt":"2020-12-26T13:31:46","guid":{"rendered":"http:\/\/legend-lore.com\/product\/mago-guerriero\/"},"modified":"2020-12-26T14:31:46","modified_gmt":"2020-12-26T13:31:46","slug":"mago-guerriero","status":"publish","type":"product","link":"https:\/\/legend-lore.com\/it\/product\/mago-guerriero\/","title":{"rendered":"Mago Guerriero"},"content":{"rendered":"<p>Perch\u00e9 specializzarsi in un&#8217;arte, quando si pu\u00f2 essere esperti di pi\u00f9 di una? Una buona domanda, che ogni mago guerriero si \u00e8 posto.<\/p>\n","protected":false},"excerpt":{"rendered":"<p>Miniatura in resina pitturata a mano, qualit\u00e0 standard, Mago Guerriero.<\/p>\n","protected":false},"featured_media":0,"comment_status":"open","ping_status":"closed","template":"","meta":{"_et_pb_use_builder":"","_et_pb_old_content":"","_et_gb_content_width":""},"product_brand":[],"product_cat":[444,623],"product_tag":[454,547,797,795,776,452,777,475,794],"class_list":{"0":"post-62548","1":"product","2":"type-product","3":"status-publish","5":"product_cat-miniature","6":"product_cat-miniature-singole","7":"product_tag-dd-it","8":"product_tag-fantasy-it","9":"product_tag-human-it","10":"product_tag-mage-it","11":"product_tag-miniature-it","12":"product_tag-rpg-it","13":"product_tag-warhammer-it","14":"product_tag-warrior-it","15":"product_tag-wizard-it","17":"first","18":"instock","19":"taxable","20":"shipping-taxable","21":"purchasable","22":"product-type-simple"},"_links":{"self":[{"href":"https:\/\/legend-lore.com\/it\/wp-json\/wp\/v2\/product\/62548","targetHints":{"allow":["GET"]}}],"collection":[{"href":"https:\/\/legend-lore.com\/it\/wp-json\/wp\/v2\/product"}],"about":[{"href":"https:\/\/legend-lore.com\/it\/wp-json\/wp\/v2\/types\/product"}],"replies":[{"embeddable":true,"href":"https:\/\/legend-lore.com\/it\/wp-json\/wp\/v2\/comments?post=62548"}],"wp:attachment":[{"href":"https:\/\/legend-lore.com\/it\/wp-json\/wp\/v2\/media?parent=62548"}],"wp:term":[{"taxonomy":"product_brand","embeddable":true,"href":"https:\/\/legend-lore.com\/it\/wp-json\/wp\/v2\/product_brand?post=62548"},{"taxonomy":"product_cat","embeddable":true,"href":"https:\/\/legend-lore.com\/it\/wp-json\/wp\/v2\/product_cat?post=62548"},{"taxonomy":"product_tag","embeddable":true,"href":"https:\/\/legend-lore.com\/it\/wp-json\/wp\/v2\/product_tag?post=62548"}],"curies":[{"name":"wp","href":"https:\/\/api.w.org\/{rel}","templated":true}]}}