{"id":62387,"date":"2020-12-25T18:07:22","date_gmt":"2020-12-25T17:07:22","guid":{"rendered":"http:\/\/legend-lore.com\/product\/massacratrice\/"},"modified":"2020-12-25T18:09:43","modified_gmt":"2020-12-25T17:09:43","slug":"massacratrice","status":"publish","type":"product","link":"https:\/\/legend-lore.com\/it\/product\/massacratrice\/","title":{"rendered":"Massacratrice"},"content":{"rendered":"<p>La brutalit\u00e0 di una donna assetata di sangue \u00e8 qualcosa difficile da spiegare, si pu\u00f2 solo provare sulla propria pelle, una volta sola.<\/p>\n","protected":false},"excerpt":{"rendered":"<p>Miniatura in resina pitturata a mano, qualit\u00e0 standard, Massacratrice.<\/p>\n","protected":false},"featured_media":0,"comment_status":"open","ping_status":"closed","template":"","meta":{"_et_pb_use_builder":"","_et_pb_old_content":"","_et_gb_content_width":""},"product_brand":[],"product_cat":[444,623],"product_tag":[454,491,547,783,797,776,452,777,475],"class_list":{"0":"post-62387","1":"product","2":"type-product","3":"status-publish","5":"product_cat-miniature","6":"product_cat-miniature-singole","7":"product_tag-dd-it","8":"product_tag-evil-it","9":"product_tag-fantasy-it","10":"product_tag-fighter-it","11":"product_tag-human-it","12":"product_tag-miniature-it","13":"product_tag-rpg-it","14":"product_tag-warhammer-it","15":"product_tag-warrior-it","17":"first","18":"outofstock","19":"taxable","20":"shipping-taxable","21":"purchasable","22":"product-type-simple"},"_links":{"self":[{"href":"https:\/\/legend-lore.com\/it\/wp-json\/wp\/v2\/product\/62387","targetHints":{"allow":["GET"]}}],"collection":[{"href":"https:\/\/legend-lore.com\/it\/wp-json\/wp\/v2\/product"}],"about":[{"href":"https:\/\/legend-lore.com\/it\/wp-json\/wp\/v2\/types\/product"}],"replies":[{"embeddable":true,"href":"https:\/\/legend-lore.com\/it\/wp-json\/wp\/v2\/comments?post=62387"}],"wp:attachment":[{"href":"https:\/\/legend-lore.com\/it\/wp-json\/wp\/v2\/media?parent=62387"}],"wp:term":[{"taxonomy":"product_brand","embeddable":true,"href":"https:\/\/legend-lore.com\/it\/wp-json\/wp\/v2\/product_brand?post=62387"},{"taxonomy":"product_cat","embeddable":true,"href":"https:\/\/legend-lore.com\/it\/wp-json\/wp\/v2\/product_cat?post=62387"},{"taxonomy":"product_tag","embeddable":true,"href":"https:\/\/legend-lore.com\/it\/wp-json\/wp\/v2\/product_tag?post=62387"}],"curies":[{"name":"wp","href":"https:\/\/api.w.org\/{rel}","templated":true}]}}