{"id":62173,"date":"2020-12-24T13:26:15","date_gmt":"2020-12-24T12:26:15","guid":{"rendered":"http:\/\/legend-lore.com\/product\/arciere-silvano\/"},"modified":"2020-12-24T19:15:04","modified_gmt":"2020-12-24T18:15:04","slug":"arciere-silvano","status":"publish","type":"product","link":"https:\/\/legend-lore.com\/it\/product\/arciere-silvano\/","title":{"rendered":"Arciere Silvano"},"content":{"rendered":"<p>Quando vedi l&#8217;arco di un arciere silvano senza freccia, \u00e8 perch\u00e9 ha gi\u00e0 colpito il suo bersaglio.<\/p>\n","protected":false},"excerpt":{"rendered":"<p>Miniatura in resina pitturata a mano, qualit\u00e0 standard o Superiore, Arciere Silvano.<\/p>\n","protected":false},"featured_media":0,"comment_status":"open","ping_status":"closed","template":"","meta":{"_et_pb_use_builder":"","_et_pb_old_content":"","_et_gb_content_width":""},"product_brand":[],"product_cat":[444,623],"product_tag":[779,454,778,547,776,452,777],"class_list":{"0":"post-62173","1":"product","2":"type-product","3":"status-publish","5":"product_cat-miniature","6":"product_cat-miniature-singole","7":"product_tag-archer-it","8":"product_tag-dd-it","9":"product_tag-elf-it","10":"product_tag-fantasy-it","11":"product_tag-miniature-it","12":"product_tag-rpg-it","13":"product_tag-warhammer-it","15":"first","16":"outofstock","17":"taxable","18":"shipping-taxable","19":"purchasable","20":"product-type-variable"},"_links":{"self":[{"href":"https:\/\/legend-lore.com\/it\/wp-json\/wp\/v2\/product\/62173","targetHints":{"allow":["GET"]}}],"collection":[{"href":"https:\/\/legend-lore.com\/it\/wp-json\/wp\/v2\/product"}],"about":[{"href":"https:\/\/legend-lore.com\/it\/wp-json\/wp\/v2\/types\/product"}],"replies":[{"embeddable":true,"href":"https:\/\/legend-lore.com\/it\/wp-json\/wp\/v2\/comments?post=62173"}],"wp:attachment":[{"href":"https:\/\/legend-lore.com\/it\/wp-json\/wp\/v2\/media?parent=62173"}],"wp:term":[{"taxonomy":"product_brand","embeddable":true,"href":"https:\/\/legend-lore.com\/it\/wp-json\/wp\/v2\/product_brand?post=62173"},{"taxonomy":"product_cat","embeddable":true,"href":"https:\/\/legend-lore.com\/it\/wp-json\/wp\/v2\/product_cat?post=62173"},{"taxonomy":"product_tag","embeddable":true,"href":"https:\/\/legend-lore.com\/it\/wp-json\/wp\/v2\/product_tag?post=62173"}],"curies":[{"name":"wp","href":"https:\/\/api.w.org\/{rel}","templated":true}]}}