{"id":61858,"date":"2020-12-20T11:40:23","date_gmt":"2020-12-20T10:40:23","guid":{"rendered":"http:\/\/legend-lore.com\/product\/il-castello-nero\/"},"modified":"2021-04-06T10:45:33","modified_gmt":"2021-04-06T08:45:33","slug":"il-castello-nero","status":"publish","type":"product","link":"https:\/\/legend-lore.com\/it\/product\/il-castello-nero\/","title":{"rendered":"Il Castello Nero"},"content":{"rendered":"<p>Il Castello Nero \u00e8 il luogo in cui si pu\u00f2 sfidare la sorte, corteggiare il destino e conoscere l&#8217;amaro gusto della sconfitta. Chi per\u00f2 non ha il coraggio di entrarvi, non potr\u00e0 mai ambire alla vera grandezza.<\/p>\n<p>&nbsp;<\/p>\n<p>Ottima scelta e se aggiungessi anche <a href=\"https:\/\/legend-lore.com\/it\/product\/culla-celtica\/\">questo<\/a> al tuo loot.<\/p>\n<p>Se ti \u00e8 piaciuto questo Set di Rune, l&#8217;intera collezione la trovi <a href=\"https:\/\/legend-lore.com\/it\/accessori-gdr\/?wpf_dpv=1&amp;filter_cat_list_2=624\">qui<\/a>.<\/p>\n","protected":false},"excerpt":{"rendered":"<p>Torre lancia-dadi Grande Nera in legno, acrilico e plexiglass<\/p>\n","protected":false},"featured_media":76570,"comment_status":"open","ping_status":"closed","template":"","meta":{"_et_pb_use_builder":"","_et_pb_old_content":"","_et_gb_content_width":""},"product_brand":[],"product_cat":[438,624],"product_tag":[454,545,717,491,547,452,716],"class_list":{"0":"post-61858","1":"product","2":"type-product","3":"status-publish","4":"has-post-thumbnail","6":"product_cat-accessori-gdr","7":"product_cat-dice-towers","8":"product_tag-dd-it","9":"product_tag-dice-it","10":"product_tag-dicetower-it","11":"product_tag-evil-it","12":"product_tag-fantasy-it","13":"product_tag-rpg-it","14":"product_tag-tower-it","16":"first","17":"outofstock","18":"taxable","19":"shipping-taxable","20":"purchasable","21":"product-type-simple"},"_links":{"self":[{"href":"https:\/\/legend-lore.com\/it\/wp-json\/wp\/v2\/product\/61858","targetHints":{"allow":["GET"]}}],"collection":[{"href":"https:\/\/legend-lore.com\/it\/wp-json\/wp\/v2\/product"}],"about":[{"href":"https:\/\/legend-lore.com\/it\/wp-json\/wp\/v2\/types\/product"}],"replies":[{"embeddable":true,"href":"https:\/\/legend-lore.com\/it\/wp-json\/wp\/v2\/comments?post=61858"}],"wp:featuredmedia":[{"embeddable":true,"href":"https:\/\/legend-lore.com\/it\/wp-json\/wp\/v2\/media\/76570"}],"wp:attachment":[{"href":"https:\/\/legend-lore.com\/it\/wp-json\/wp\/v2\/media?parent=61858"}],"wp:term":[{"taxonomy":"product_brand","embeddable":true,"href":"https:\/\/legend-lore.com\/it\/wp-json\/wp\/v2\/product_brand?post=61858"},{"taxonomy":"product_cat","embeddable":true,"href":"https:\/\/legend-lore.com\/it\/wp-json\/wp\/v2\/product_cat?post=61858"},{"taxonomy":"product_tag","embeddable":true,"href":"https:\/\/legend-lore.com\/it\/wp-json\/wp\/v2\/product_tag?post=61858"}],"curies":[{"name":"wp","href":"https:\/\/api.w.org\/{rel}","templated":true}]}}