{"id":59921,"date":"2020-08-31T18:26:51","date_gmt":"2020-08-31T16:26:51","guid":{"rendered":"http:\/\/legend-lore.com\/product\/orma-dautunno\/"},"modified":"2022-01-22T12:36:19","modified_gmt":"2022-01-22T11:36:19","slug":"orma-autunno-set-dadi-gdr-metallo","status":"publish","type":"product","link":"https:\/\/legend-lore.com\/it\/product\/orma-autunno-set-dadi-gdr-metallo\/","title":{"rendered":"Orma d&#8217;Autunno &#8211; Set di Dadi GDR in Metallo"},"content":{"rendered":"<p>Le stagioni separano i cicli della vita e dell\u2019esistenza, l\u2019autunno \u00e8 la vecchiaia e da alcuni pu\u00f2 essere visto come deperimento, ma rappresenta in verit\u00e0 la saggezza ed il coronamento dell\u2019esistenza. Set di 7 Dadi GDR in metallo, set di Dadi D&amp;D,set di Dadi DnD, set di Dadi Poliedrici.<\/p>\n","protected":false},"excerpt":{"rendered":"<p>Set di 7 Dadi GDR\/ Dadi D&amp;D \/ Dadi DnD \/ Dadi Poliedrici:d4, d6, d8, d10, d%, d12 e d20, in metallo (lega di ferro e zinco), colore Argento scavato, con smalto Celeste, Verde e Rosso. Set di Dadi Giant!<\/p>\n<p>Con questo set riceverai in omaggio un box metallo rettangolare, per proteggere e conservare i tuoi preziosi dadi!<\/p>\n","protected":false},"featured_media":72223,"comment_status":"open","ping_status":"closed","template":"","meta":{"_et_pb_use_builder":"","_et_pb_old_content":"","_et_gb_content_width":""},"product_brand":[],"product_cat":[450,451],"product_tag":[454,681,561,453,452,560],"class_list":{"0":"post-59921","1":"product","2":"type-product","3":"status-publish","4":"has-post-thumbnail","6":"product_cat-dadi","7":"product_cat-set-7-dadi","8":"product_tag-dd-it","9":"product_tag-luxury-it","10":"product_tag-metal-it","11":"product_tag-roll-it","12":"product_tag-rpg-it","13":"product_tag-steel-it","15":"first","16":"outofstock","17":"taxable","18":"shipping-taxable","19":"purchasable","20":"product-type-simple"},"_links":{"self":[{"href":"https:\/\/legend-lore.com\/it\/wp-json\/wp\/v2\/product\/59921","targetHints":{"allow":["GET"]}}],"collection":[{"href":"https:\/\/legend-lore.com\/it\/wp-json\/wp\/v2\/product"}],"about":[{"href":"https:\/\/legend-lore.com\/it\/wp-json\/wp\/v2\/types\/product"}],"replies":[{"embeddable":true,"href":"https:\/\/legend-lore.com\/it\/wp-json\/wp\/v2\/comments?post=59921"}],"wp:featuredmedia":[{"embeddable":true,"href":"https:\/\/legend-lore.com\/it\/wp-json\/wp\/v2\/media\/72223"}],"wp:attachment":[{"href":"https:\/\/legend-lore.com\/it\/wp-json\/wp\/v2\/media?parent=59921"}],"wp:term":[{"taxonomy":"product_brand","embeddable":true,"href":"https:\/\/legend-lore.com\/it\/wp-json\/wp\/v2\/product_brand?post=59921"},{"taxonomy":"product_cat","embeddable":true,"href":"https:\/\/legend-lore.com\/it\/wp-json\/wp\/v2\/product_cat?post=59921"},{"taxonomy":"product_tag","embeddable":true,"href":"https:\/\/legend-lore.com\/it\/wp-json\/wp\/v2\/product_tag?post=59921"}],"curies":[{"name":"wp","href":"https:\/\/api.w.org\/{rel}","templated":true}]}}