{"id":59567,"date":"2020-09-06T15:30:06","date_gmt":"2020-09-06T13:30:06","guid":{"rendered":"http:\/\/legend-lore.com\/product\/petali-di-cristallo\/"},"modified":"2021-04-04T09:41:49","modified_gmt":"2021-04-04T07:41:49","slug":"petali-di-cristallo","status":"publish","type":"product","link":"https:\/\/legend-lore.com\/it\/product\/petali-di-cristallo\/","title":{"rendered":"Petali di Cristallo"},"content":{"rendered":"<p>I Petali di Cristallo sono le rune pi\u00f9 fragile e meravigliose, incarnano la sensibilit\u00e0, l&#8217;amore e la fertilit\u00e0, ma hanno anche assaporato l&#8217;amara delusione ed il dolore. In esse non c&#8217;\u00e8 giudizio, ma accettazione e comprensione.<\/p>\n<p>&nbsp;<\/p>\n<p>Ottima scelta e se aggiungessi anche <a href=\"https:\/\/legend-lore.com\/it\/product\/teschio-di-corvo\/\">questo<\/a> al tuo loot.<\/p>\n<p>Se ti \u00e8 piaciuto questo Set di Rune, l&#8217;intera collezione la trovi <a href=\"https:\/\/legend-lore.com\/it\/rune\/?filter_rune_type=runes-divinatory\">qui<\/a>.<\/p>\n","protected":false},"excerpt":{"rendered":"<p>Set classico di 25 Rune Divinatorie in pietra naturale (Quarzo Rosa), con scritte colore oro.<\/p>\n<p>Con questo set riceverai anche gratuitamente un sacchetto di velluto marchiato Legend-Lore, per proteggere al meglio le tue preziose Rune!<\/p>\n","protected":false},"featured_media":76149,"comment_status":"open","ping_status":"closed","template":"","meta":{"_et_pb_use_builder":"","_et_pb_old_content":"","_et_gb_content_width":""},"product_brand":[],"product_cat":[467,468],"product_tag":[533,534,472,452,532],"class_list":{"0":"post-59567","1":"product","2":"type-product","3":"status-publish","4":"has-post-thumbnail","6":"product_cat-rune","7":"product_cat-rune-divinatorie","8":"product_tag-celtic-it","9":"product_tag-divination-it","10":"product_tag-quartz-it","11":"product_tag-rpg-it","12":"product_tag-viking-it","14":"first","15":"instock","16":"taxable","17":"shipping-taxable","18":"purchasable","19":"product-type-simple"},"_links":{"self":[{"href":"https:\/\/legend-lore.com\/it\/wp-json\/wp\/v2\/product\/59567","targetHints":{"allow":["GET"]}}],"collection":[{"href":"https:\/\/legend-lore.com\/it\/wp-json\/wp\/v2\/product"}],"about":[{"href":"https:\/\/legend-lore.com\/it\/wp-json\/wp\/v2\/types\/product"}],"replies":[{"embeddable":true,"href":"https:\/\/legend-lore.com\/it\/wp-json\/wp\/v2\/comments?post=59567"}],"wp:featuredmedia":[{"embeddable":true,"href":"https:\/\/legend-lore.com\/it\/wp-json\/wp\/v2\/media\/76149"}],"wp:attachment":[{"href":"https:\/\/legend-lore.com\/it\/wp-json\/wp\/v2\/media?parent=59567"}],"wp:term":[{"taxonomy":"product_brand","embeddable":true,"href":"https:\/\/legend-lore.com\/it\/wp-json\/wp\/v2\/product_brand?post=59567"},{"taxonomy":"product_cat","embeddable":true,"href":"https:\/\/legend-lore.com\/it\/wp-json\/wp\/v2\/product_cat?post=59567"},{"taxonomy":"product_tag","embeddable":true,"href":"https:\/\/legend-lore.com\/it\/wp-json\/wp\/v2\/product_tag?post=59567"}],"curies":[{"name":"wp","href":"https:\/\/api.w.org\/{rel}","templated":true}]}}