{"id":58677,"date":"2020-08-23T23:21:25","date_gmt":"2020-08-23T21:21:25","guid":{"rendered":"http:\/\/legend-lore.com\/product\/tocco-del-ghoul\/"},"modified":"2022-01-23T10:03:27","modified_gmt":"2022-01-23T09:03:27","slug":"tocco-della-ghoul-set-dadi-pietra","status":"publish","type":"product","link":"https:\/\/legend-lore.com\/it\/product\/tocco-della-ghoul-set-dadi-pietra\/","title":{"rendered":"Tocco della Ghoul &#8211; Set di Dadi in Pietra"},"content":{"rendered":"<p>Tenue compare nella notte la mano del Ghoul, bianco pallida, leggermente luminosa. Potrebbe sembrare simile a neve toccata dal riflesso della luna, me \u00e8 pi\u00f9 fredda, molto pi\u00f9 fredda, come la tomba. Set di 7 Dadi in Pietra, set di Dadi D&amp;D, set di Dadi DnD, set di Dadi Poliedrici.<\/p>\n<p>&nbsp;<\/p>\n<p>Ottima scelta e se aggiungessi anche <a href=\"https:\/\/legend-lore.com\/it\/product\/dragon-eye\/\">questo<\/a> al tuo loot.<\/p>\n<p>Se ti \u00e8 piaciuto questo Set, l&#8217;intera collezione la trovi <a href=\"https:\/\/legend-lore.com\/it\/dadi-pietra\/?filter_material=pietra&amp;filter_tax_block_logic=and\">qui<\/a>.<\/p>\n","protected":false},"excerpt":{"rendered":"<p>Set di 7 Dadi in Pietra: d4, d6, d8, d10, d%, d12 e d20 in Pietra Tecnica, colore Bianco, Glow, numeri Neri.<\/p>\n<p>Tutti i dadi in pietra sono realizzati artigianalmente possono presentare leggere imperfezioni e subire piccole variazioni di dimensione, lucentezza e colore, rispetto alle foto campione che li raffigurano.<\/p>\n<p>Nel set \u00e8 inclusa una scatola in metallo rotonda che garantir\u00e0 la massima sicurezza nel trasporto.<\/p>\n","protected":false},"featured_media":73948,"comment_status":"open","ping_status":"closed","template":"","meta":{"_et_pb_use_builder":"","_et_pb_old_content":"","_et_gb_content_width":""},"product_brand":[],"product_cat":[450,451],"product_tag":[454,453,452,455],"class_list":{"0":"post-58677","1":"product","2":"type-product","3":"status-publish","4":"has-post-thumbnail","6":"product_cat-dadi","7":"product_cat-set-7-dadi","8":"product_tag-dd-it","9":"product_tag-roll-it","10":"product_tag-rpg-it","11":"product_tag-stone-it","13":"first","14":"outofstock","15":"taxable","16":"shipping-taxable","17":"purchasable","18":"product-type-simple"},"_links":{"self":[{"href":"https:\/\/legend-lore.com\/it\/wp-json\/wp\/v2\/product\/58677","targetHints":{"allow":["GET"]}}],"collection":[{"href":"https:\/\/legend-lore.com\/it\/wp-json\/wp\/v2\/product"}],"about":[{"href":"https:\/\/legend-lore.com\/it\/wp-json\/wp\/v2\/types\/product"}],"replies":[{"embeddable":true,"href":"https:\/\/legend-lore.com\/it\/wp-json\/wp\/v2\/comments?post=58677"}],"wp:featuredmedia":[{"embeddable":true,"href":"https:\/\/legend-lore.com\/it\/wp-json\/wp\/v2\/media\/73948"}],"wp:attachment":[{"href":"https:\/\/legend-lore.com\/it\/wp-json\/wp\/v2\/media?parent=58677"}],"wp:term":[{"taxonomy":"product_brand","embeddable":true,"href":"https:\/\/legend-lore.com\/it\/wp-json\/wp\/v2\/product_brand?post=58677"},{"taxonomy":"product_cat","embeddable":true,"href":"https:\/\/legend-lore.com\/it\/wp-json\/wp\/v2\/product_cat?post=58677"},{"taxonomy":"product_tag","embeddable":true,"href":"https:\/\/legend-lore.com\/it\/wp-json\/wp\/v2\/product_tag?post=58677"}],"curies":[{"name":"wp","href":"https:\/\/api.w.org\/{rel}","templated":true}]}}