{"id":58650,"date":"2020-08-23T17:46:34","date_gmt":"2020-08-23T15:46:34","guid":{"rendered":"http:\/\/legend-lore.com\/product\/legno-fossile\/"},"modified":"2022-01-23T10:02:57","modified_gmt":"2022-01-23T09:02:57","slug":"legno-fossile-set-dadi-pietra","status":"publish","type":"product","link":"https:\/\/legend-lore.com\/it\/product\/legno-fossile-set-dadi-pietra\/","title":{"rendered":"Legno Fossile &#8211; Set di Dadi in Pietra"},"content":{"rendered":"<p>Eoni fa fuoco e terra bruciarono insieme in una danza che alla fine lasci\u00f2 dietro di s\u00e9 un&#8217;eredit\u00e0 meravigliosa. Set di 7 Dadi in Pietra, set di Dadi D&amp;D, set di Dadi DnD, set di Dadi Poliedrici.<\/p>\n<p><\/p>\n<p>Ottima scelta e se aggiungessi anche <a href=\"https:\/\/legend-lore.com\/it\/product\/dragon-eye\/\" data-mce-href=\"https:\/\/legend-lore.com\/it\/product\/dragon-eye\/\">questo<\/a> al tuo loot.<\/p>\n<p>Se ti \u00e8 piaciuto questo Set, l&#8217;intera collezione la trovi <a href=\"https:\/\/legend-lore.com\/it\/dadi-pietra\/?filter_material=pietra&amp;filter_tax_block_logic=and\" data-mce-href=\"https:\/\/legend-lore.com\/it\/dadi-pietra\/?filter_material=pietra&amp;filter_tax_block_logic=and\">qui<\/a>.<\/p>\n","protected":false},"excerpt":{"rendered":"<p>Set di 7 Dadi in Pietra:  d4, d6, d8, d10, d%, d12 e d20 in pietra tecnica, effetto Legno Nero, numeri bianchi.<\/p>\n<p>Tutti i dadi in pietra sono realizzati artigianalmente possono presentare leggere imperfezioni e subire piccole variazioni di dimensione, lucentezza e colore, rispetto alle foto campione che li raffigurano.<\/p>\n<p>Nel set \u00e8 inclusa una scatola in metallo rotonda che garantir\u00e0 la massima sicurezza nel trasporto.<\/p>\n","protected":false},"featured_media":73978,"comment_status":"open","ping_status":"closed","template":"","meta":{"_et_pb_use_builder":"","_et_pb_old_content":"","_et_gb_content_width":""},"product_brand":[],"product_cat":[450,451],"product_tag":[454,453,452,455],"class_list":{"0":"post-58650","1":"product","2":"type-product","3":"status-publish","4":"has-post-thumbnail","6":"product_cat-dadi","7":"product_cat-set-7-dadi","8":"product_tag-dd-it","9":"product_tag-roll-it","10":"product_tag-rpg-it","11":"product_tag-stone-it","13":"first","14":"outofstock","15":"taxable","16":"shipping-taxable","17":"purchasable","18":"product-type-simple"},"_links":{"self":[{"href":"https:\/\/legend-lore.com\/it\/wp-json\/wp\/v2\/product\/58650","targetHints":{"allow":["GET"]}}],"collection":[{"href":"https:\/\/legend-lore.com\/it\/wp-json\/wp\/v2\/product"}],"about":[{"href":"https:\/\/legend-lore.com\/it\/wp-json\/wp\/v2\/types\/product"}],"replies":[{"embeddable":true,"href":"https:\/\/legend-lore.com\/it\/wp-json\/wp\/v2\/comments?post=58650"}],"wp:featuredmedia":[{"embeddable":true,"href":"https:\/\/legend-lore.com\/it\/wp-json\/wp\/v2\/media\/73978"}],"wp:attachment":[{"href":"https:\/\/legend-lore.com\/it\/wp-json\/wp\/v2\/media?parent=58650"}],"wp:term":[{"taxonomy":"product_brand","embeddable":true,"href":"https:\/\/legend-lore.com\/it\/wp-json\/wp\/v2\/product_brand?post=58650"},{"taxonomy":"product_cat","embeddable":true,"href":"https:\/\/legend-lore.com\/it\/wp-json\/wp\/v2\/product_cat?post=58650"},{"taxonomy":"product_tag","embeddable":true,"href":"https:\/\/legend-lore.com\/it\/wp-json\/wp\/v2\/product_tag?post=58650"}],"curies":[{"name":"wp","href":"https:\/\/api.w.org\/{rel}","templated":true}]}}